{"id":847,"date":"2018-10-12T20:24:37","date_gmt":"2018-10-12T20:24:37","guid":{"rendered":"https:\/\/www.ipsenlearningnetwork.com\/home\/"},"modified":"2019-08-12T11:21:07","modified_gmt":"2019-08-12T11:21:07","slug":"home","status":"publish","type":"page","link":"https:\/\/www.ipsenlearningnetwork.com\/?page_id=847&lang=mx","title":{"rendered":"P\u00e1gina principal"},"content":{"rendered":"<div class=\"wpb-content-wrapper\"><p>[vc_row full_width=&#8221;stretch_row&#8221; css=&#8221;.vc_custom_1539384212525{background-image: url(https:\/\/www.ipsenlearningnetwork.com\/websites\/CLIMB_BR_IPSENLEARNINGNET\/wp-content\/uploads\/2018\/10\/09141818\/homebg-3.png?id=84) !important;background-position: center !important;background-repeat: no-repeat !important;background-size: cover !important;}&#8221; addstyles=&#8221;background-position: center top;&#8221;][vc_column width=&#8221;1\/2&#8243; css=&#8221;.vc_custom_1521045338869{padding-bottom: 15px !important;}&#8221;][vc_column_text css=&#8221;.vc_custom_1530024376797{padding-top: 140px !important;}&#8221;]<\/p>\n<h1>El programa <span style=\"color: #5bb848;\">CLIMB<\/span><\/h1>\n<p>Aprendizaje continuo para mejorar el manejo de la espasticidad con toxina botul\u00ednica.[\/vc_column_text]<a href='https:\/\/climb-mx.ipsenlearningnetwork.com\/?newaccount=true' target='_blank' title='' class='dt-sc-button   medium     '  style=\"background-color:#5bb848;border-color:#5bb848;color:#ffffff;\"> Solicitar una cuenta <\/a>[\/vc_column][\/vc_row][vc_row full_width=&#8221;stretch_row&#8221; parallax=&#8221;content-moving&#8221; parallax_image=&#8221;122&#8243; css=&#8221;.vc_custom_1539609810217{margin-right: 10px !important;margin-left: 10px !important;padding-bottom: 20px !important;}&#8221;][vc_column css=&#8221;.vc_custom_1521046183059{margin-right: 0px !important;margin-left: 0px !important;padding-top: 15px !important;padding-right: 0px !important;padding-left: 0px !important;}&#8221;][vc_column_text css=&#8221;.vc_custom_1530024425368{margin-bottom: 15px !important;}&#8221;]<\/p>\n<h2 style=\"color: #fff;\">\u00bfQu\u00e9 es el programa <span style=\"color: #5bb848; font-size: inherit;\">CLIMB<\/span>?<\/h2>\n<p>[\/vc_column_text][vc_row_inner equal_height=&#8221;yes&#8221; css=&#8221;.vc_custom_1458815546962{margin-top: 0px !important;margin-right: 0px !important;margin-bottom: 0px !important;margin-left: 0px !important;padding-top: 0px !important;padding-right: 0px !important;padding-bottom: 0px !important;padding-left: 0px !important;}&#8221;][vc_column_inner el_align=&#8221;justify&#8221; el_class=&#8221;climbprogramme-leftbloc-medecin&#8221; css=&#8221;.vc_custom_1539609916009{margin-right: 0px !important;margin-bottom: 15px !important;margin-left: 0px !important;padding-right: 0px !important;padding-left: 200px !important;background: #ffffff url(https:\/\/www.ipsenlearningnetwork.com\/websites\/CLIMB_BR_IPSENLEARNINGNET\/wp-content\/uploads\/2018\/10\/09141816\/Doctor-01.png?id=135) !important;background-position: 0 0 !important;background-repeat: no-repeat !important;}&#8221; offset=&#8221;vc_col-lg-offset-0 vc_col-lg-6 vc_col-md-offset-0 vc_col-sm-offset-0 vc_col-xs-12&#8243;][vc_column_text el_class=&#8221;alignleft&#8221; css=&#8221;.vc_custom_1562311299926{padding-top: 40px !important;padding-right: 40px !important;padding-bottom: 40px !important;padding-left: 80px !important;}&#8221;]<span style=\"color: #5bb848; font-size: inherit;\">CLIMB<\/span> CONTINUUM OF LEARNING TO IMPROVE MANAGEMENT WITH BOTULINUM TOXIN<\/p>\n<p>El programa <span style=\"color: #5bb848; font-size: inherit;\">CLIMB<\/span> ha sido dise\u00f1ado por un<\/p>\n<span class='pum-trigger  popmake-924  green-link' data-do-default=''><strong>Comit\u00e9 Directivo Cient\u00edfico<\/strong><\/span>\n<p>de expertos en el campo de la espasticidad con el objetivo de mejorar el manejo con toxina botul\u00ednica mediante el apoyo de un aprendizaje continuo.[\/vc_column_text][\/vc_column_inner][vc_column_inner css=&#8221;.vc_custom_1528271376637{padding-top: 20px !important;padding-right: 20px !important;padding-bottom: 20px !important;padding-left: 20px !important;}&#8221; addstyles=&#8221;color: white;&#8221; offset=&#8221;vc_col-lg-6 vc_col-xs-12&#8243; el_id=&#8221;ourobjective_container&#8221;][vc_column_text css=&#8221;.vc_custom_1565605516786{margin-bottom: 28px !important;}&#8221;]<\/p>\n<h2 style=\"color: white;\">Los objetivos del programa CLIMB son:<\/h2>\n<ul class=\"dt-sc-fancy-list circle\">\n<li>Cubrir las necesidades de formaci\u00f3n de los <strong>Profesionales Salud <\/strong>en el manejo de la espasticidad<span class=\"popmake-926 green-link pum-trigger\" style=\"cursor: pointer;\"><strong> da click aqu\u00ed para ver los pa\u00edses donde el Climb ya est\u00e1 disponible<\/strong><\/span><\/li>\n<\/ul>\n<ul class=\"dt-sc-fancy-list circle\">\n<li>Escuchar y dar respuesta a las necesidades formativas y educativas no cubiertas<\/li>\n<\/ul>\n<ul class=\"dt-sc-fancy-list circle\">\n<li>Permitir el intercambio de experiencias<\/li>\n<\/ul>\n<ul class=\"dt-sc-fancy-list circle\">\n<li>Proporcionar un programa de formaci\u00f3n completo, ofreciendo un enfoque integral en el manejo de la espasticidad con toxina botul\u00ednica<\/li>\n<\/ul>\n<ul class=\"dt-sc-fancy-list circle\">\n<li>Armonizar las mejores pr\u00e1cticas en un programa internacional de referencia<\/li>\n<\/ul>\n<p>[\/vc_column_text][\/vc_column_inner][\/vc_row_inner][\/vc_column][\/vc_row][vc_row full_width=&#8221;stretch_row&#8221; parallax=&#8221;content-moving&#8221; parallax_image=&#8221;192&#8243; text_color=&#8221;#666666&#8243; css=&#8221;.vc_custom_1521473749377{padding-top: 50px !important;padding-bottom: 0px !important;background-image: url(https:\/\/www.ipsenlearningnetwork.com\/wp-content\/uploads\/2018\/03\/homebg-4-1.png?id=10330) !important;background-position: center;background-repeat: no-repeat !important;background-size: cover !important;}&#8221; el_class=&#8221;white-text video-parallax&#8221; addstyles=&#8221;overflow: inherit;&#8221;][vc_column css=&#8221;.vc_custom_1521046975755{margin-top: 0px !important;margin-bottom: 0px !important;border-top-width: 0px !important;padding-top: 0px !important;padding-bottom: 0px !important;}&#8221;][vc_row_inner addstyles=&#8221;font-color: #1065af;&#8221;][vc_column_inner][vc_column_text el_class=&#8221;parallax-quote&#8221;]<\/p>\n<h2 style=\"color: #1065af;\">Nosotros hemos dise\u00f1ado el programa <span style=\"color: #5bb848; font-size: inherit;\">CLIMB<\/span> para usted<\/h2>\n<div class='dt-sc-clear '> <\/div>[\/vc_column_text][\/vc_column_inner][\/vc_row_inner][vc_row_inner][vc_column_inner el_align=&#8221;justify&#8221; width=&#8221;2\/3&#8243;][vc_column_text]<span style=\"color: #666;\">El programa <span style=\"color: #5bb848; font-size: inherit;\">CLIMB<\/span> tiene como objetivo abordar la necesidad de capacitaci\u00f3n multifuncional y de vanguardia, es un est\u00e1ndar de oro para compartir los mejores m\u00e9todos de atenci\u00f3n y permitir la colaboraci\u00f3n en una serie de temas importantes para avanzar en la comprensi\u00f3n del manejo de la espasticidad.<\/span>[\/vc_column_text][\/vc_column_inner][\/vc_row_inner][vc_row_inner][vc_column_inner el_align=&#8221;justify&#8221; offset=&#8221;vc_col-lg-6 vc_col-md-12 vc_col-xs-12&#8243;][vc_column_text el_class=&#8221;capitalize&#8221;]<\/p>\n<h2 style=\"color: #1065af; margin: top:0px; margin-bottom: 10px; text-transform: uppercase;\">\u00bfPor qu\u00e9 deber\u00edas participar en el programa <span style=\"color: #5bb848; font-size: inherit;\">CLIMB<\/span>?<\/h2>\n<p><span style=\"color: #666;\">Si participas en el programa <span style=\"color: #5bb848; font-size: inherit;\">CLIMB<\/span> tendr\u00e1s acceso a elearning, recursos educativos, y la oportunidad de asistir a sesiones te\u00f3ricas y demostraciones pr\u00e1cticas de la t\u00e9cnica de infiltraci\u00f3n con toxina botul\u00ednica.<\/span>[\/vc_column_text]<a href='https:\/\/climb-mx.ipsenlearningnetwork.com\/?newaccount=true' target='_blank' title='#' class='dt-sc-button vc_custom_1555403746539  medium     dt-sc-one-half'  style=\"background-color:#5bb848;border-color:#5bb848;color:#ffffff;\"> Solicitar una cuenta <\/a>[\/vc_column_inner][vc_column_inner css=&#8221;.vc_custom_1519949989064{margin-top: -100px !important;margin-bottom: -35px !important;}&#8221; offset=&#8221;vc_col-lg-6 vc_col-xs-12 vc_hidden-xs&#8221;][vc_single_image image=&#8221;148&#8243; img_size=&#8221;full&#8221; alignment=&#8221;center&#8221;][\/vc_column_inner][\/vc_row_inner][\/vc_column][\/vc_row][vc_row full_width=&#8221;stretch_row&#8221; css=&#8221;.vc_custom_1539610410199{padding-top: 20px !important;padding-bottom: 20px !important;background: #0a2552 url(https:\/\/www.ipsenlearningnetwork.com\/websites\/CLIMB_BR_IPSENLEARNINGNET\/wp-content\/uploads\/2018\/10\/09141815\/map_ok.gif?id=161) !important;background-position: center !important;background-repeat: no-repeat !important;background-size: cover !important;}&#8221; text_color=&#8221;#ffffff&#8221;][vc_column el_align=&#8221;justify&#8221; width=&#8221;5\/6&#8243; offset=&#8221;vc_col-xs-12&#8243; css=&#8221;.vc_custom_1525110684718{margin-top: 15px !important;margin-bottom: 0px !important;}&#8221;][vc_column_text el_class=&#8221;parallax-quote&#8221;]<\/p>\n<h2 style=\"color: white;\">Financiado por Ipsen<\/h2>\n<p>[\/vc_column_text][vc_column_text css=&#8221;.vc_custom_1533727776562{margin-bottom: 15px !important;}&#8221;]<\/p>\n<p style=\"color: white;\">Ipsen tiene m\u00e1s de 25 a\u00f1os de experiencia en neurotoxinas.<sup>1 <\/sup>La ambici\u00f3n de luchar por la excelencia en el manejo de la espasticidad ha llevado a Ipsen a asociarse con la comunidad de espasticidad para crear una plataforma de <strong>Colaboraci\u00f3n cient\u00edfica internacional <\/strong> y as\u00ed avanzar en la comprensi\u00f3n del manejo de la espasticidad mediante el programa <span style=\"color: #5bb848; font-size: inherit;\">CLIMB<\/span> \u2013 a continuum of learning to improve spasticity management with botulinum toxin.<\/p>\n<p>[\/vc_column_text][\/vc_column][\/vc_row]<\/p>\n<\/div>","protected":false},"excerpt":{"rendered":"<p>[vc_row full_width=&#8221;stretch_row&#8221; css=&#8221;.vc_custom_1539384212525{background-image: url(https:\/\/www.ipsenlearningnetwork.com\/websites\/CLIMB_BR_IPSENLEARNINGNET\/wp-content\/uploads\/2018\/10\/09141818\/homebg-3.png?id=84) !important;background-position: center !important;background-repeat: no-repeat !important;background-size: cover !important;}&#8221; addstyles=&#8221;background-position: center top;&#8221;][vc_column width=&#8221;1\/2&#8243; css=&#8221;.vc_custom_1521045338869{padding-bottom: 15px !important;}&#8221;][vc_column_text css=&#8221;.vc_custom_1530024376797{padding-top: 140px !important;}&#8221;] El programa CLIMB Aprendizaje continuo para mejorar el manejo de la espasticidad con toxina botul\u00ednica.[\/vc_column_text][\/vc_column][\/vc_row][vc_row full_width=&#8221;stretch_row&#8221; parallax=&#8221;content-moving&#8221; parallax_image=&#8221;122&#8243; css=&#8221;.vc_custom_1539609810217{margin-right: 10px !important;margin-left: 10px !important;padding-bottom: 20px !important;}&#8221;][vc_column css=&#8221;.vc_custom_1521046183059{margin-right: 0px !important;margin-left: 0px !important;padding-top: 15px !important;padding-right: 0px !important;padding-left: [&hellip;]<\/p>\n","protected":false},"author":1,"featured_media":0,"parent":0,"menu_order":0,"comment_status":"closed","ping_status":"closed","template":"tpl-home.php","meta":{"footnotes":""},"class_list":["post-847","page","type-page","status-publish","hentry"],"_links":{"self":[{"href":"https:\/\/www.ipsenlearningnetwork.com\/index.php?rest_route=\/wp\/v2\/pages\/847","targetHints":{"allow":["GET"]}}],"collection":[{"href":"https:\/\/www.ipsenlearningnetwork.com\/index.php?rest_route=\/wp\/v2\/pages"}],"about":[{"href":"https:\/\/www.ipsenlearningnetwork.com\/index.php?rest_route=\/wp\/v2\/types\/page"}],"author":[{"embeddable":true,"href":"https:\/\/www.ipsenlearningnetwork.com\/index.php?rest_route=\/wp\/v2\/users\/1"}],"replies":[{"embeddable":true,"href":"https:\/\/www.ipsenlearningnetwork.com\/index.php?rest_route=%2Fwp%2Fv2%2Fcomments&post=847"}],"version-history":[{"count":19,"href":"https:\/\/www.ipsenlearningnetwork.com\/index.php?rest_route=\/wp\/v2\/pages\/847\/revisions"}],"predecessor-version":[{"id":1350,"href":"https:\/\/www.ipsenlearningnetwork.com\/index.php?rest_route=\/wp\/v2\/pages\/847\/revisions\/1350"}],"wp:attachment":[{"href":"https:\/\/www.ipsenlearningnetwork.com\/index.php?rest_route=%2Fwp%2Fv2%2Fmedia&parent=847"}],"curies":[{"name":"wp","href":"https:\/\/api.w.org\/{rel}","templated":true}]}}