{"id":842,"date":"2018-10-15T15:31:21","date_gmt":"2018-10-15T15:31:21","guid":{"rendered":"https:\/\/www.ipsenlearningnetwork.com\/faq\/"},"modified":"2019-08-12T13:46:17","modified_gmt":"2019-08-12T13:46:17","slug":"faq","status":"publish","type":"page","link":"https:\/\/www.ipsenlearningnetwork.com\/?page_id=842&lang=mx","title":{"rendered":"Preguntas m\u00e1s frecuentes"},"content":{"rendered":"<div class=\"wpb-content-wrapper\"><p>[vc_row full_width=&#8221;stretch_row&#8221; css=&#8221;.vc_custom_1539615931725{background-image: url(https:\/\/www.ipsenlearningnetwork.com\/websites\/CLIMB_BR_IPSENLEARNINGNET\/wp-content\/uploads\/2018\/10\/09141818\/homebg-3.png?id=84) !important;background-position: center !important;background-repeat: no-repeat !important;background-size: cover !important;}&#8221; addstyles=&#8221;background-position: center top;&#8221;][vc_column width=&#8221;1\/2&#8243; css=&#8221;.vc_custom_1521467433868{padding-bottom: 15px !important;}&#8221;][vc_column_text css=&#8221;.vc_custom_1562317984041{padding-top: 140px !important;}&#8221;]<\/p>\n<h1>Preguntas m\u00e1s frecuentes<\/h1>\n<p>[\/vc_column_text]<a href='https:\/\/www.ipsenlearningnetwork.com\/?lang=mx' target='_self' title='' class='dt-sc-button   medium     '  style=\"background-color:#5bb848;border-color:#5bb848;color:#ffffff;\"> Regresar <\/a>[\/vc_column][\/vc_row][vc_row css=&#8221;.vc_custom_1521468264651{margin-top: 15px !important;}&#8221;][vc_column el_id=&#8221;faq_container&#8221;][vc_column_text]<\/p>\n<h2>Preguntas m\u00e1s frecuentes<\/h2>\n<p>[\/vc_column_text]<div class='dt-sc-toggle-group-set  inherit'><div class=\"dt-sc-toggle-frame\">\t<h5 class='dt-sc-toggle'><a href='#'>\u00bfQU\u00c9 ES EL PROGRAMA CLIMB?<\/a><\/h5>\t<div class=\"dt-sc-toggle-content\" style=\"display: none;\">\t\t<div class=\"block\">El programa <span style=\"color: #5bb848;\">CLIMB<\/span> ha sido dise\u00f1ado por un comit\u00e9 directivo cient\u00edfico europeo de expertos en el campo de la espasticidad con el objetivo de mejorar el manejo con toxina botul\u00ednica mediante el apoyo de un aprendizaje continuo. El programa <span style=\"color: #5bb848;\">CLIMB<\/span> tiene como objetivo abordar la necesidad de un enfoque multifuncional, actualizado al minuto para la capacitaci\u00f3n y para brindar una oportunidad valiosa compartiendo las mejores pr\u00e1cticas de atenci\u00f3n y permitir la colaboraci\u00f3n en una serie de temas importantes para incrementar la comprensi\u00f3n el manejo de la espasticidad.\t\t<\/div>\t<\/div><\/div><div class=\"dt-sc-toggle-frame\">\t<h5 class='dt-sc-toggle'><a href='#'>\u00bfPOR QU\u00c9 DEBER\u00cdA PARTICIPAR EN EL PROGRAMA CLIMB?<\/a><\/h5>\t<div class=\"dt-sc-toggle-content\" style=\"display: none;\">\t\t<div class=\"block\">Al unirse al programa <span style=\"color: #5bb848;\">CLIMB<\/span>, tendr\u00e1 acceso al aprendizaje en l\u00ednea, a los recursos educativos y a la oportunidad de asistir a las sesiones en el aula y al entrenamiento pr\u00e1ctico de inyecci\u00f3n con toxina botul\u00ednica.\t\t<\/div>\t<\/div><\/div><div class=\"dt-sc-toggle-frame\">\t<h5 class='dt-sc-toggle'><a href='#'>\u00bfC\u00d3MO ME INSCRIBO EN CLIMB?<\/a><\/h5>\t<div class=\"dt-sc-toggle-content\" style=\"display: none;\">\t\t<div class=\"block\">Puede solicitar su inicio de sesi\u00f3n al Programa <span style=\"color: #5bb848;\">CLIMB<\/span> con su representante m\u00e9dico de Ipsen. Alternativamente, puede hacer clic en el enlace Formar parte del programa <span style=\"color: #5bb848;\">CLIMB<\/span> en la parte superior de la p\u00e1gina, debajo del bot\u00f3n Iniciar sesi\u00f3n.\t\t<\/div>\t<\/div><\/div><div class=\"dt-sc-toggle-frame\">\t<h5 class='dt-sc-toggle'><a href='#'>\u00bfQUI\u00c9N PUEDE INSCRIBIRSE EN CLIMB?<\/a><\/h5>\t<div class=\"dt-sc-toggle-content\" style=\"display: none;\">\t\t<div class=\"block\">El programa <span style=\"color: #5bb848;\">CLIMB<\/span> est\u00e1 disponible para profesionales de la salud involucrados en el manejo de pacientes con espasticidad.\t\t<\/div>\t<\/div><\/div><div class=\"dt-sc-toggle-frame\">\t<h5 class='dt-sc-toggle'><a href='#'>ESTOY TENIENDO PROBLEMAS PARA INICIAR SESI\u00d3N \u00bfQU\u00c9 HAGO?<\/a><\/h5>\t<div class=\"dt-sc-toggle-content\" style=\"display: none;\">\t\t<div class=\"block\"><strong>MI CORREO ELECTR\u00d3NICO NO SE RECONOCE<\/strong>\nDeber\u00e1 ingresar la direcci\u00f3n de correo electr\u00f3nico utilizado para registrarse en el sitio web. Si no est\u00e1 seguro de cu\u00e1l es el correo electr\u00f3nico o cree que hay un error, p\u00f3ngase en contacto con nosotros y seleccione Problemas para registrarse o iniciar sesi\u00f3n.<\/p>\n<p><strong>MI CONTRASE\u00d1A NO FUNCIONA<\/strong>\nSi tiene problemas con su contrase\u00f1a, puede hacer clic aqu\u00ed para restablecerla. Alternativamente, puede hacer clic en el bot\u00f3n Iniciar sesi\u00f3n en la parte superior de la p\u00e1gina y hacer clic en \u00bfOlvid\u00f3 la contrase\u00f1a? P\u00f3ngase en <a href=\"https:\/\/www.ipsenlearningnetwork.com\/?page_id=829&#038;lang=latam\">contacto<\/a> con nosotros y seleccione Problemas para registrarse o iniciar sesi\u00f3n para cualquier otra consulta.\t\t<\/div>\t<\/div><\/div><div class=\"dt-sc-toggle-frame\">\t<h5 class='dt-sc-toggle'><a href='#'>NO HE RECIBIDO UN CORREO ELECTR\u00d3NICO DE CONFIRMACI\u00d3N DE REGISTRO, \u00bfQU\u00c9 PUEDO HACER?<\/a><\/h5>\t<div class=\"dt-sc-toggle-content\" style=\"display: none;\">\t\t<div class=\"block\">Una vez que se haya registrado, recibir\u00e1 un correo electr\u00f3nico de confirmaci\u00f3n. Deber\u00e1 hacer clic en el enlace del correo electr\u00f3nico para activar su cuenta en un plazo de 7 d\u00edas. Si ha hecho clic en el enlace, pero no recibi\u00f3 el correo electr\u00f3nico de confirmaci\u00f3n de registro o no hizo clic en el enlace a tiempo, <a href=\"https:\/\/www.ipsenlearningnetwork.com\/?page_id=830&#038;lang=mx\">cont\u00e1cteno<\/a> o comun\u00edquese con su representante local de Ipsen.\t\t<\/div>\t<\/div><\/div><div class=\"dt-sc-toggle-frame\">\t<h5 class='dt-sc-toggle'><a href='#'>\u00bfEN QU\u00c9 PA\u00cdSES EST\u00c1 DISPONIBLE EL CLIMB?<\/a><\/h5>\t<div class=\"dt-sc-toggle-content\" style=\"display: none;\">\t\t<div class=\"block\">El programa <span style=\"color: #5bb848;\">CLIMB<\/span> est\u00e1 actualmente disponible en el Reino Unido. Otros pa\u00edses se a\u00f1adir\u00e1n en breve; P\u00f3ngase en contacto con su representante local de Ipsen para obtener m\u00e1s informaci\u00f3n.\t\t<\/div>\t<\/div><\/div><div class=\"dt-sc-toggle-frame\">\t<h5 class='dt-sc-toggle'><a href='#'>\u00bfQU\u00c9 NAVEGADOR NECESITO?<\/a><\/h5>\t<div class=\"dt-sc-toggle-content\" style=\"display: none;\">\t\t<div class=\"block\">Deber\u00e1 usar un navegador que admita HTML5, como Chrome, Internet Explorer o Safari. Si tiene problemas para ver las caracter\u00edsticas del sitio web, es posible que deba actualizar su navegador a la \u00faltima versi\u00f3n.\t\t<\/div>\t<\/div><\/div><div class=\"dt-sc-toggle-frame\">\t<h5 class='dt-sc-toggle'><a href='#'>\u00bfC\u00d3MO UTILIZAR COOKIES?<\/a><\/h5>\t<div class=\"dt-sc-toggle-content\" style=\"display: none;\">\t\t<div class=\"block\">Los cookies se utilizan para almacenar los detalles de autenticaci\u00f3n en el inicio de sesi\u00f3n, personalizar su vista del sitio web seg\u00fan el pa\u00eds, el idioma y la zona horaria, as\u00ed como para proporcionar an\u00e1lisis para ayudarnos a mejorar el servicio del sitio web. Para obtener m\u00e1s informaci\u00f3n sobre esto y para obtener instrucciones sobre c\u00f3mo bloquear las cookies, consulte la <a href=\"https:\/\/www.ipsenlearningnetwork.com\/?page_id=845&#038;lang=mx\">Pol\u00edtica de privacidad<\/a>.\t\t<\/div>\t<\/div><\/div><\/div>[\/vc_column][\/vc_row]<\/p>\n<\/div>","protected":false},"excerpt":{"rendered":"<p>[vc_row full_width=&#8221;stretch_row&#8221; css=&#8221;.vc_custom_1539615931725{background-image: url(https:\/\/www.ipsenlearningnetwork.com\/websites\/CLIMB_BR_IPSENLEARNINGNET\/wp-content\/uploads\/2018\/10\/09141818\/homebg-3.png?id=84) !important;background-position: center !important;background-repeat: no-repeat !important;background-size: cover !important;}&#8221; addstyles=&#8221;background-position: center top;&#8221;][vc_column width=&#8221;1\/2&#8243; css=&#8221;.vc_custom_1521467433868{padding-bottom: 15px !important;}&#8221;][vc_column_text css=&#8221;.vc_custom_1562317984041{padding-top: 140px !important;}&#8221;] Preguntas m\u00e1s frecuentes [\/vc_column_text][\/vc_column][\/vc_row][vc_row css=&#8221;.vc_custom_1521468264651{margin-top: 15px !important;}&#8221;][vc_column el_id=&#8221;faq_container&#8221;][vc_column_text] Preguntas m\u00e1s frecuentes [\/vc_column_text][\/vc_column][\/vc_row]<\/p>\n","protected":false},"author":1,"featured_media":0,"parent":0,"menu_order":0,"comment_status":"closed","ping_status":"closed","template":"tpl-home.php","meta":{"footnotes":""},"class_list":["post-842","page","type-page","status-publish","hentry"],"_links":{"self":[{"href":"https:\/\/www.ipsenlearningnetwork.com\/index.php?rest_route=\/wp\/v2\/pages\/842","targetHints":{"allow":["GET"]}}],"collection":[{"href":"https:\/\/www.ipsenlearningnetwork.com\/index.php?rest_route=\/wp\/v2\/pages"}],"about":[{"href":"https:\/\/www.ipsenlearningnetwork.com\/index.php?rest_route=\/wp\/v2\/types\/page"}],"author":[{"embeddable":true,"href":"https:\/\/www.ipsenlearningnetwork.com\/index.php?rest_route=\/wp\/v2\/users\/1"}],"replies":[{"embeddable":true,"href":"https:\/\/www.ipsenlearningnetwork.com\/index.php?rest_route=%2Fwp%2Fv2%2Fcomments&post=842"}],"version-history":[{"count":15,"href":"https:\/\/www.ipsenlearningnetwork.com\/index.php?rest_route=\/wp\/v2\/pages\/842\/revisions"}],"predecessor-version":[{"id":1359,"href":"https:\/\/www.ipsenlearningnetwork.com\/index.php?rest_route=\/wp\/v2\/pages\/842\/revisions\/1359"}],"wp:attachment":[{"href":"https:\/\/www.ipsenlearningnetwork.com\/index.php?rest_route=%2Fwp%2Fv2%2Fmedia&parent=842"}],"curies":[{"name":"wp","href":"https:\/\/api.w.org\/{rel}","templated":true}]}}