{"id":826,"date":"2018-10-15T15:51:05","date_gmt":"2018-10-15T15:51:05","guid":{"rendered":"https:\/\/www.ipsenlearningnetwork.com\/terms-and-conditions\/"},"modified":"2019-06-04T09:24:51","modified_gmt":"2019-06-04T09:24:51","slug":"terms-and-conditions","status":"publish","type":"page","link":"https:\/\/www.ipsenlearningnetwork.com\/?page_id=826&lang=mx","title":{"rendered":"T\u00e9rminos y Condiciones"},"content":{"rendered":"<div class=\"wpb-content-wrapper\"><p>[vc_row full_width=&#8221;stretch_row&#8221; css=&#8221;.vc_custom_1539616984372{background-image: url(https:\/\/www.ipsenlearningnetwork.com\/websites\/CLIMB_BR_IPSENLEARNINGNET\/wp-content\/uploads\/2018\/10\/09141818\/homebg-3.png?id=84) !important;background-position: center !important;background-repeat: no-repeat !important;background-size: cover !important;}&#8221; addstyles=&#8221;background-position: center top;&#8221;][vc_column width=&#8221;1\/2&#8243; css=&#8221;.vc_custom_1521471498817{padding-bottom: 15px !important;}&#8221;][vc_column_text css=&#8221;.vc_custom_1521471519886{padding-top: 140px !important;}&#8221;]<\/p>\n<h1>T\u00c9RMINOS Y CONDICIONES<\/h1>\n<p>[\/vc_column_text]<a href='https:\/\/www.ipsenlearningnetwork.com\/?lang=mx' target='_self' title='' class='dt-sc-button   medium     '  style=\"background-color:#5bb848;border-color:#5bb848;color:#ffffff;\"> Regresar <\/a>[\/vc_column][\/vc_row][vc_row][vc_column css=&#8221;.vc_custom_1525109703980{margin-top: 15px !important;}&#8221; el_id=&#8221;termsandcondition_container&#8221;][vc_custom_heading text=&#8221;1. Aprobaci\u00f3n&#8221; google_fonts=&#8221;font_family:ABeeZee%3Aregular%2Citalic|font_style:400%20regular%3A400%3Anormal&#8221;][vc_column_text]La Web del CLIMB (\u201c<strong>Website<\/strong>\u201d) ha sido desarrollada y suministrada por Ipsen Pharma S.A.S con direcci\u00f3n en 65 Quai Georges Gorse, 92100 Boulogne-Billancourt, Francia (en lo sucesivo, junto con sus filiales, denominada como \u201c<strong>Ipsen<\/strong>\u201d). El acceso y uso de la Web est\u00e1 sujeto a los siguientes T\u00e9rminos y Condiciones y todas las leyes aplicables. El uso que usted realice en la Web tambi\u00e9n est\u00e1 sujeto a nuestra Pol\u00edtica de Privacidad, que cubre c\u00f3mo Ipsen recoge, utiliza, comparte, y almacena su Informaci\u00f3n Personal. Accediendo, registr\u00e1ndose o usando esta Web usted acepta, sin limitaci\u00f3n o cualificaci\u00f3n, estos T\u00e9rminos y Condiciones. Si usted no acepta estos T\u00e9rminos y Condiciones,<strong>no<\/strong> clique en \u201csolicite una cuenta\u201d, \u201cinicio de sesi\u00f3n\u201d, \u201cconectar\u201d (o similar) no acceda ni utilice este sitio Web.[\/vc_column_text][vc_custom_heading text=&#8221;2 .Prop\u00f3sito de la Web&#8221; google_fonts=&#8221;font_family:ABeeZee%3Aregular%2Citalic|font_style:400%20regular%3A400%3Anormal&#8221;][vc_column_text]Esta Web tiene la intenci\u00f3n de:<\/p>\n<ul>\n<li>Formar a los profesionales sanitarios en el manejo de la espasticidad<\/li>\n<li>Escuchar y responder a necesidades educativas y formativas no cubiertas<\/li>\n<li>Permitir compartir experiencias<\/li>\n<li>Proporcionar un programa de formaci\u00f3n completo, ofreciendo un enfoque integral del manejo de la espasticidad con toxina botul\u00ednica<\/li>\n<li>Armonizar las mejores pr\u00e1cticas en un programa internacional de referencia<\/li>\n<li>Proporcionar informaci\u00f3n sobre Dysport<\/li>\n<li>Permitir a los profesionales sanitarios registrarse en las sesiones te\u00f3ricas de infiltraci\u00f3n del CLIMB<\/li>\n<\/ul>\n<p>Esta Web no tiene la intenci\u00f3n de proporcionar ning\u00fan certificado en educaci\u00f3n m\u00e9dica.[\/vc_column_text][vc_custom_heading text=&#8221;3. Miembros y visitantes&#8221; google_fonts=&#8221;font_family:ABeeZee%3Aregular%2Citalic|font_style:400%20regular%3A400%3Anormal&#8221;][vc_column_text]Los usuarios registrados de la Web son \u201cMiembros\u201d y los no registrados son \u201cVisitantes\u201d. Estos T\u00e9rminos y Condiciones aplican a ambos. Cuando usted se registra y se une a la Web de acuerdo con estos T\u00e9rminos y Condiciones, usted pasa a ser Miembro. Algunos Miembros pueden registrarse en la Web como formadores del programa de formaci\u00f3n CLIMB (\u201cProfesores\u201d). Si usted no se registra, usted puede acceder a la p\u00e1gina de bienvenida de la Web como visitante.[\/vc_column_text][vc_custom_heading text=&#8221;4. Elegibilidad de registro a la Web&#8221; google_fonts=&#8221;font_family:ABeeZee%3Aregular%2Citalic|font_style:400%20regular%3A400%3Anormal&#8221;][vc_column_text]El registro a esta Web est\u00e1 estrictamente limitado a profesionales sanitarios. Solicitando una cuenta, registrarse y usar esta Web como Miembro registrado, usted acepta y garantiza que (i) usted es un profesional sanitario, (ii) usted solamente tendr\u00e1 una cuenta Web donde debe figurar su nombre real y t\u00edtulo profesional, y (iii) usted ya no est\u00e1 restringido para usar la Web. Cada solicitud de registro a la Web estar\u00e1 sujeta a revisi\u00f3n previa y aprobaci\u00f3n por parte de Ipsen. Ipsen le informar\u00e1 de su decisi\u00f3n de aceptar o denegar su registro su registro a la Web. Tal decisi\u00f3n de Ipsen ser\u00e1 definitiva. Una vez que est\u00e9s registrado como Miembro de la Web, usted se compromete a informar a Ipsen inmediatamente en caso de que deje de ser un profesional sanitario o si su situaci\u00f3n cambia (ej.: usted deja de ser profesor). Ipsen podr\u00eda cancelar su registro como Miembro de la Web, si Ipsen en su entera discrceci\u00f3n considera que usted no cumple con los criterios de elegibilidad de la Web, o de cualquier otro punto de estos T\u00e9rminos y Condiciones.[\/vc_column_text][vc_custom_heading text=&#8221;5. Su cuenta&#8221; google_fonts=&#8221;font_family:ABeeZee%3Aregular%2Citalic|font_style:400%20regular%3A400%3Anormal&#8221;][vc_column_text]Usted mantendr\u00e1 su contrase\u00f1a en secreto. Usted no compartir\u00e1 su cuenta con nadie m\u00e1s y cumplir\u00e1 estos T\u00e9rminos y Condiciones y las leyes aplicables. Los Miembros son titulares de la cuenta. Usted acepta: (1) intentar elegir una contrase\u00f1a segura; (2) mantener su contrase\u00f1a e informaci\u00f3n de cuenta segura y confidencial; (3) no transferir ninguna parte de su cuenta (ej.: conexiones) y (4) cumplir la ley. Usted es responsable de cualquier cosa que ocurra en su cuenta a menos que la cierre o notifique un mal uso. Entre usted y los dem\u00e1s (incluyendo su empleador), su cuenta le pertenece a usted.[\/vc_column_text][vc_custom_heading text=&#8221;6. Noticias y mensajes de la Web&#8221; google_fonts=&#8221;font_family:ABeeZee%3Aregular%2Citalic|font_style:400%20regular%3A400%3Anormal&#8221;][vc_column_text]Usted acepta que Ipsen le env\u00ede noticias a trav\u00e9s de la Web, e informaci\u00f3n de contacto proporcionada a Ipsen. Si la informaci\u00f3n de contacto que usted proporciona est\u00e1 fuera de plazo, podr\u00eda perderse avisos importantes. Usted acepta que Ipsen le env\u00ede noticias de las siguientes maneras: (1) una noticia dentro de la Web, o (2) un mensaje enviado a la informaci\u00f3n de contacto que usted proporcion\u00f3 a Ipsen (ej.: correo electr\u00f3nico, n\u00famero de tel\u00e9fono, direcci\u00f3n). Usted acepta mantener su informaci\u00f3n de contacto actualizada.[\/vc_column_text][vc_custom_heading text=&#8221;7. Uso compartido de la informaci\u00f3n&#8221; google_fonts=&#8221;font_family:ABeeZee%3Aregular%2Citalic|font_style:400%20regular%3A400%3Anormal&#8221;][vc_column_text]Cuando usted hace uso de la Web, otros miembros registrados como Profesores pueden ver, y usar esa informaci\u00f3n. Nuestra Web permite compartir informaci\u00f3n, como su perfil y su actividad en la Web (ej.: progreso de su educaci\u00f3n m\u00e9dica a trav\u00e9s de la Web, resultados de los cuestionarios u otros tests de la Web, registro a las formaciones pr\u00e1cticas del CLIMB). Tal informaci\u00f3n puede ser vista por los profesores.[\/vc_column_text][vc_custom_heading text=&#8221;8. Uso de la informaci\u00f3n&#8221; google_fonts=&#8221;font_family:ABeeZee%3Aregular%2Citalic|font_style:400%20regular%3A400%3Anormal&#8221;][vc_column_text]Usted no puede distribuir, modificar, transmitir, reutilizar, reponer, o utilizar ninguna informaci\u00f3n de la Web para prop\u00f3sitos comerciales, y deber\u00eda asumir que todo lo que usted vea o lea en esta Web est\u00e1 protegido por derechos de copyright a menos que se diga lo contrario, y no puede ser usado excepto si se dice expl\u00edcitamente en estos T\u00e9rminos y Condiciones. Salvo que se permita lo contrario en este p\u00e1rrafo, Ipsen no garantiza ni representa que el uso que usted haga de los materiales mostrados en la Web no infrinjan derechos de terceras partes que no pertenecen o est\u00e1n afiliados con Ipsen. Con la excepci\u00f3n de la autorizaci\u00f3n limitada anterior, no se le concede ni se le otorga ninguna licencia ni derecho sobre la informaci\u00f3n, ni ning\u00fan derecho de autor de Ipsen ni de ninguna otra parte. Esta Web puede contener o referenciar informaci\u00f3n propiedad de terceros, tecnolog\u00edas, productos, procesos u otros derechos de propiedad de Ipsen y\/o otras partes. No se le otorga ni se le concede ninguna licencia ni derecho sobre ninguna de tales marcas comerciales, patentes, secretos comerciales, tecnolog\u00edas, productos, procesos y otros derechos de propiedad de Ipsen y \/ u otras partes.[\/vc_column_text][vc_custom_heading text=&#8221;9. Exenci\u00f3n de garant\u00edas&#8221; google_fonts=&#8221;font_family:ABeeZee%3Aregular%2Citalic|font_style:400%20regular%3A400%3Anormal&#8221;][vc_column_text]Aunque Ipsen realiza esfuerzos razonables para garantizar que la informaci\u00f3n contenida en la Web es correcta y actualizada, tal informaci\u00f3n puede contener inexactitudes o errores tipogr\u00e1ficos. Ipsen se reserva el derecho a realizar cambios, correcciones y\/o mejoras de la informaci\u00f3n en cualquier momento sin notificaci\u00f3n previa. Ipsen no realiza garant\u00edas ni representaciones en cuanto a la exactitud de la informaci\u00f3n, y no asume ninguna responsabilidad por los errores u omisiones en el contenido del sitio web. TODA LA INFORMACI\u00d3N SE PROPORCIONA &#8220;TAL CUAL.&#8221; IPSEN NO GARANTIZA LA INTEGRIDAD O EXACTITUD DE LA INFORMACI\u00d3N EN ESTA WEB O SUS POSIBLES USOS. EN CONSECUENCIA, LA INFORMACI\u00d3N DEBE SER EVALUADA CUIDADOSAMENTE POR LOS USUARIOS ANTES DE USARLA. PUEDE UTILIZAR ESTA INFORMACI\u00d3N BAJO SU PROPIA DISCRECI\u00d3N O RIESGO. EN LA MEDIDA M\u00c1XIMA PERMITIDA POR LA LEY, IPSEN, CUALQUIER OTRA COMPA\u00d1\u00cdA DEL GRUPO IPSEN, Y CUALQUIER OTRA PARTE INVOLUCRADA EN CREAR, PRODUCIR O ENTREGARLE ESTA WEB RENUNCIA A CUALQUIER GARANT\u00cdA O RESPONSABILIDAD POR DA\u00d1OS DIRECTOS, INCIDENTALES, CONSECUENTES, INDIRECTOS O PUNITIVOS QUE SURJAN DEL ACCESO, USO O INCAPACIDAD DE USAR ESTA WEB, O CUALQUIER ERROR U OMISI\u00d3N EN EL CONTENIDO DE LA WEB. Ipsen tampoco asume ninguna responsabilidad, y no ser\u00e1 responsable de ning\u00fan da\u00f1o o virus que pueda infectar su equipo u otros bienes a causa de su acceso o uso de la informaci\u00f3n.[\/vc_column_text][vc_custom_heading text=&#8221;10. Informaci\u00f3n que nos proporciona&#8221; google_fonts=&#8221;font_family:ABeeZee%3Aregular%2Citalic|font_style:400%20regular%3A400%3Anormal&#8221;][vc_column_text]Salvo por la informaci\u00f3n que abarca la Pol\u00edtica de Privacidad, cualquier comunicado o material que usted transmita a la Web, incluyendo cualquier dato, pregunta, comentario, sugerencia o similar, se tratar\u00e1 como no confidencial y de dominio p\u00fablico.[\/vc_column_text][vc_custom_heading text=&#8221;11. Consecuencias&#8221; google_fonts=&#8221;font_family:ABeeZee%3Aregular%2Citalic|font_style:400%20regular%3A400%3Anormal&#8221;][vc_column_text]Si Ipsen tuviera conocimiento de que usted ha violado cualquiera de los T\u00e9rminos y Condiciones que se incluyen en el presente documento, podr\u00eda tomar acciones correctivas de inmediato, incluyendo evitar el uso de la Web por parte del Usuario, en cualquier momento y sin notificaci\u00f3n. Si Ipsen fuese afectado o da\u00f1ado por su violaci\u00f3n, podr\u00eda discrecionalmente, tratar de recuperar los da\u00f1ados causados por usted.[\/vc_column_text][vc_custom_heading text=&#8221;12. Revisiones&#8221; google_fonts=&#8221;font_family:ABeeZee%3Aregular%2Citalic|font_style:400%20regular%3A400%3Anormal&#8221;][vc_column_text]Ipsen puede en cualquier momento revisar estos T\u00e9rminos y Condiciones actualizando esta publicaci\u00f3n y notificando al usuario por medios suficientes (como correo electr\u00f3nico o una ventana emergente en la Web). Los T\u00e9rminos y Condiciones revisados entran en vigor en un plazo de 30 d\u00edas naturales tras su actualizaci\u00f3n. Si usted est\u00e1 en desacuerdo con los nuevos T\u00e9rminos y Condiciones, usted deber\u00eda indicarlo a trav\u00e9s del mecanismo proporcionado por correo electr\u00f3nico o por la venta emergente correspondiente, si los hay, o dejar de acceder y usar la Web. Usted debe peri\u00f3dicamente visitar esta p\u00e1gina para revisar los T\u00e9rminos y Condiciones actuales a los que est\u00e1 obligado. Ipsen se reserva el derecho de suspender esta Web en cualquier momento sin responsabilidad hacia usted ni nadie m\u00e1s. Usted recibir\u00eda notificaci\u00f3n previa de la suspensi\u00f3n de dicha Web.[\/vc_column_text][vc_custom_heading text=&#8221;13. Cr\u00e9ditos&#8221; google_fonts=&#8221;font_family:ABeeZee%3Aregular%2Citalic|font_style:400%20regular%3A400%3Anormal&#8221;][vc_column_text]Medical illustrations: Shutterstock<\/p>\n<p>Videos, photographs: Shutterstock[\/vc_column_text][vc_custom_heading text=&#8221;14. Propiedad industrial e intelectual&#8221; google_fonts=&#8221;font_family:ABeeZee%3Aregular%2Citalic|font_style:400%20regular%3A400%3Anormal&#8221;][vc_column_text]El contenido de esta Web est\u00e1 plenamente protegido por los derechos de propiedad industrial e intelectual aplicables. Todos los materiales contenidos en esta Web no pueden reproducirse, mostrarse o utilizarse posteriormente de cualquier manera sin la previa autorizaci\u00f3n por escrito de Ipsen.[\/vc_column_text][vc_custom_heading text=&#8221;15. Eventos Aversos&#8221; google_fonts=&#8221;font_family:ABeeZee%3Aregular%2Citalic|font_style:400%20regular%3A400%3Anormal&#8221;][vc_column_text]Usted se compromete a informar a Ipsen Pharma SAS de cualquier informe sobre eventos adversos o quejas de producto usando el proceso que aplique (por favor verif\u00edquelo pa\u00eds por pa\u00eds).[\/vc_column_text][vc_custom_heading text=&#8221;16. Divisibilidad&#8221; google_fonts=&#8221;font_family:ABeeZee%3Aregular%2Citalic|font_style:400%20regular%3A400%3Anormal&#8221;][vc_column_text]La invalidez o inaplicabilidad de cualquier disposici\u00f3n de estos T\u00e9rminos y Condiciones no afectar\u00e1 la validez o aplicabilidad de cualquier otra disposici\u00f3n, que permanecer\u00e1 en pleno vigor y efecto, excepto cuando la invalidez o inaplicabilidad se relacione con un t\u00e9rmino esencial de estos T\u00e9rminos y Condiciones.[\/vc_column_text][vc_custom_heading text=&#8221;17. Legislaci\u00f3n aplicable y resoluci\u00f3n de disputas&#8221; google_fonts=&#8221;font_family:ABeeZee%3Aregular%2Citalic|font_style:400%20regular%3A400%3Anormal&#8221;][vc_column_text]Estos T\u00e9rminos y Condiciones y el uso de la Web est\u00e1n regidos por la legislaci\u00f3n de Francia, excepto por las disposiciones de la ley de privacidad internacional. Las disputas que no puedan ser resueltas amistosamente, ser\u00e1n entregadas a los juzgados y tribunales de Nanterre, Francia. Estos T\u00e9rminos y Condiciones fueron modificados por \u00faltima vez el 27 de Marzo de 2018.[\/vc_column_text][\/vc_column][\/vc_row]<\/p>\n<\/div>","protected":false},"excerpt":{"rendered":"<p>[vc_row full_width=&#8221;stretch_row&#8221; css=&#8221;.vc_custom_1539616984372{background-image: url(https:\/\/www.ipsenlearningnetwork.com\/websites\/CLIMB_BR_IPSENLEARNINGNET\/wp-content\/uploads\/2018\/10\/09141818\/homebg-3.png?id=84) !important;background-position: center !important;background-repeat: no-repeat !important;background-size: cover !important;}&#8221; addstyles=&#8221;background-position: center top;&#8221;][vc_column width=&#8221;1\/2&#8243; css=&#8221;.vc_custom_1521471498817{padding-bottom: 15px !important;}&#8221;][vc_column_text css=&#8221;.vc_custom_1521471519886{padding-top: 140px !important;}&#8221;] T\u00c9RMINOS Y CONDICIONES [\/vc_column_text][\/vc_column][\/vc_row][vc_row][vc_column css=&#8221;.vc_custom_1525109703980{margin-top: 15px !important;}&#8221; el_id=&#8221;termsandcondition_container&#8221;][vc_custom_heading text=&#8221;1. Aprobaci\u00f3n&#8221; google_fonts=&#8221;font_family:ABeeZee%3Aregular%2Citalic|font_style:400%20regular%3A400%3Anormal&#8221;][vc_column_text]La Web del CLIMB (\u201cWebsite\u201d) ha sido desarrollada y suministrada por Ipsen Pharma S.A.S con direcci\u00f3n en 65 Quai Georges Gorse, 92100 Boulogne-Billancourt, Francia [&hellip;]<\/p>\n","protected":false},"author":1,"featured_media":0,"parent":0,"menu_order":0,"comment_status":"closed","ping_status":"closed","template":"tpl-home.php","meta":{"footnotes":""},"class_list":["post-826","page","type-page","status-publish","hentry"],"_links":{"self":[{"href":"https:\/\/www.ipsenlearningnetwork.com\/index.php?rest_route=\/wp\/v2\/pages\/826","targetHints":{"allow":["GET"]}}],"collection":[{"href":"https:\/\/www.ipsenlearningnetwork.com\/index.php?rest_route=\/wp\/v2\/pages"}],"about":[{"href":"https:\/\/www.ipsenlearningnetwork.com\/index.php?rest_route=\/wp\/v2\/types\/page"}],"author":[{"embeddable":true,"href":"https:\/\/www.ipsenlearningnetwork.com\/index.php?rest_route=\/wp\/v2\/users\/1"}],"replies":[{"embeddable":true,"href":"https:\/\/www.ipsenlearningnetwork.com\/index.php?rest_route=%2Fwp%2Fv2%2Fcomments&post=826"}],"version-history":[{"count":10,"href":"https:\/\/www.ipsenlearningnetwork.com\/index.php?rest_route=\/wp\/v2\/pages\/826\/revisions"}],"predecessor-version":[{"id":1198,"href":"https:\/\/www.ipsenlearningnetwork.com\/index.php?rest_route=\/wp\/v2\/pages\/826\/revisions\/1198"}],"wp:attachment":[{"href":"https:\/\/www.ipsenlearningnetwork.com\/index.php?rest_route=%2Fwp%2Fv2%2Fmedia&parent=826"}],"curies":[{"name":"wp","href":"https:\/\/api.w.org\/{rel}","templated":true}]}}