{"id":420,"date":"2018-10-12T20:24:37","date_gmt":"2018-10-12T20:24:37","guid":{"rendered":"https:\/\/www.ipsenlearningnetwork.com\/home\/"},"modified":"2021-10-07T16:45:35","modified_gmt":"2021-10-07T16:45:35","slug":"home","status":"publish","type":"page","link":"https:\/\/www.ipsenlearningnetwork.com\/?page_id=420&lang=pt-br","title":{"rendered":"Inicio"},"content":{"rendered":"<div class=\"wpb-content-wrapper\"><p>[vc_row full_width=&#8221;stretch_row&#8221; css=&#8221;.vc_custom_1539384212525{background-image: url(https:\/\/www.ipsenlearningnetwork.com\/websites\/CLIMB_BR_IPSENLEARNINGNET\/wp-content\/uploads\/2018\/10\/09141818\/homebg-3.png?id=84) !important;background-position: center !important;background-repeat: no-repeat !important;background-size: cover !important;}&#8221; addstyles=&#8221;background-position: center top;&#8221;][vc_column width=&#8221;1\/2&#8243; css=&#8221;.vc_custom_1521045338869{padding-bottom: 15px !important;}&#8221;][vc_column_text css=&#8221;.vc_custom_1530024376797{padding-top: 140px !important;}&#8221;]<\/p>\n<h1>Treinamento <span style=\"color: #5bb848;\">CLIMB<\/span><\/h1>\n<p>Continuum Of Learning To Improve Spasticity Management with Botulinum Toxin.[\/vc_column_text]<a href='https:\/\/climb-br.ipsenlearningnetwork.com\/?newaccount=true' target='_blank' title='' class='dt-sc-button   medium     '  style=\"background-color:#5bb848;border-color:#5bb848;color:#ffffff;\"> Solicitar uma conta <\/a>[\/vc_column][\/vc_row][vc_row full_width=&#8221;stretch_row&#8221; parallax=&#8221;content-moving&#8221; parallax_image=&#8221;122&#8243; css=&#8221;.vc_custom_1539609810217{margin-right: 10px !important;margin-left: 10px !important;padding-bottom: 20px !important;}&#8221;][vc_column css=&#8221;.vc_custom_1521046183059{margin-right: 0px !important;margin-left: 0px !important;padding-top: 15px !important;padding-right: 0px !important;padding-left: 0px !important;}&#8221;][vc_column_text css=&#8221;.vc_custom_1530024425368{margin-bottom: 15px !important;}&#8221;]<\/p>\n<h2 style=\"color: #fff;\">O que \u00e9 o treinamento\u00a0<span style=\"color: #5bb848; font-size: inherit;\">CLIMB<\/span>?<\/h2>\n<p>[\/vc_column_text][vc_row_inner equal_height=&#8221;yes&#8221; css=&#8221;.vc_custom_1458815546962{margin-top: 0px !important;margin-right: 0px !important;margin-bottom: 0px !important;margin-left: 0px !important;padding-top: 0px !important;padding-right: 0px !important;padding-bottom: 0px !important;padding-left: 0px !important;}&#8221;][vc_column_inner el_align=&#8221;justify&#8221; el_class=&#8221;climbprogramme-leftbloc-medecin&#8221; css=&#8221;.vc_custom_1539609916009{margin-right: 0px !important;margin-bottom: 15px !important;margin-left: 0px !important;padding-right: 0px !important;padding-left: 200px !important;background: #ffffff url(https:\/\/www.ipsenlearningnetwork.com\/websites\/CLIMB_BR_IPSENLEARNINGNET\/wp-content\/uploads\/2018\/10\/09141816\/Doctor-01.png?id=135) !important;background-position: 0 0 !important;background-repeat: no-repeat !important;}&#8221; offset=&#8221;vc_col-lg-offset-0 vc_col-lg-6 vc_col-md-offset-0 vc_col-sm-offset-0 vc_col-xs-12&#8243;][vc_column_text el_class=&#8221;alignleft&#8221; css=&#8221;.vc_custom_1633613586903{padding-top: 40px !important;padding-right: 40px !important;padding-bottom: 40px !important;padding-left: 80px !important;}&#8221;]<span style=\"color: #5bb848; font-size: inherit;\">CLIMB<\/span> CONTINUUM OF LEARNING TO IMPROVE MANAGEMENT WITH BOTULINUM TOXIN<\/p>\n<p>O treinamento\u00a0<span style=\"color: #5bb848; font-size: inherit;\">CLIMB<\/span>\u00a0foi projetado por um<\/p>\n<span class='pum-trigger  popmake-695  green-link' data-do-default=''><strong>Comit\u00ea Cient\u00edfico Internacional<\/strong><\/span>\n<p><!--StartFragment --><span class=\"cf0\">formado por especialistas mundiais na \u00e1rea da espasticidade e da distonia cervical com o objetivo de melhorar o manejo da toxina botul\u00ednica atrav\u00e9s de um aprendizado cont\u00ednuo.<\/span><\/p>\n<p><!--EndFragment --><!--EndFragment -->[\/vc_column_text][\/vc_column_inner][vc_column_inner css=&#8221;.vc_custom_1528271376637{padding-top: 20px !important;padding-right: 20px !important;padding-bottom: 20px !important;padding-left: 20px !important;}&#8221; addstyles=&#8221;color: white;&#8221; offset=&#8221;vc_col-lg-6 vc_col-xs-12&#8243; el_id=&#8221;ourobjective_container&#8221;][vc_column_text css=&#8221;.vc_custom_1633613654476{margin-bottom: 28px !important;}&#8221;]<\/p>\n<h2 style=\"color: white;\">Nossos objetivos ao criar o treinamento CLIMB:<\/h2>\n<ul>\n<li>Proporcionar um aprendizado abrangente sobre o manejo da espasticidade e da distonia cervical com a toxina botul\u00ednica A<!--EndFragment --><\/li>\n<li>Atingir uma abordagem focada que permita o compartilhamento de experi\u00eancias<\/li>\n<li>Ouvir e responder \u00e0s necessidades de ensino e treinamento<\/li>\n<li>Disseminar as melhores pr\u00e1ticas internacionais por meio de um treinamento de e-learning e presencial (hands on) com padr\u00e3o elevado<!--EndFragment --><\/li>\n<\/ul>\n<p>[\/vc_column_text][\/vc_column_inner][\/vc_row_inner][\/vc_column][\/vc_row][vc_row full_width=&#8221;stretch_row&#8221; parallax=&#8221;content-moving&#8221; parallax_image=&#8221;192&#8243; text_color=&#8221;#666666&#8243; css=&#8221;.vc_custom_1521473749377{padding-top: 50px !important;padding-bottom: 0px !important;background-image: url(https:\/\/www.ipsenlearningnetwork.com\/wp-content\/uploads\/2018\/03\/homebg-4-1.png?id=10330) !important;background-position: center;background-repeat: no-repeat;background-size:cover !important;}&#8221; el_class=&#8221;white-text video-parallax&#8221; addstyles=&#8221;overflow: inherit;&#8221;][vc_column css=&#8221;.vc_custom_1521046975755{margin-top: 0px !important;margin-bottom: 0px !important;border-top-width: 0px !important;padding-top: 0px !important;padding-bottom: 0px !important;}&#8221;][vc_row_inner addstyles=&#8221;font-color: #1065af;&#8221;][vc_column_inner][vc_column_text el_class=&#8221;parallax-quote&#8221;]<\/p>\n<h2 style=\"color: #1065af;\">O <span style=\"color: #5bb848; font-size: inherit;\">CLIMB <\/span>foi projetado para voc\u00ea<\/h2>\n<div class='dt-sc-clear '> <\/div>[\/vc_column_text][\/vc_column_inner][\/vc_row_inner][vc_row_inner][vc_column_inner el_align=&#8221;justify&#8221; width=&#8221;2\/3&#8243;][vc_column_text]<!--StartFragment --><\/p>\n<p><span style=\"color: #666;\">O Treinamento <span style=\"color: #5bb848; font-size: inherit;\">CLIMB<\/span> tem como objetivo apoiar um aprendizado cont\u00ednuo para melhorar o manejo da espasticidade e da distonia cervical com a toxina botul\u00ednica A. Criado por um Comit\u00ea Cient\u00edfico Internacional, o CLIMB visa abordar a necessidade de ensino e treinamento que reflitam os mais recentes conhecimentos cient\u00edficos e as melhores pr\u00e1ticas no manejo de pacientes com a toxina botul\u00ednica A.<\/span><\/p>\n<p><!--EndFragment -->[\/vc_column_text][\/vc_column_inner][\/vc_row_inner][vc_row_inner][vc_column_inner el_align=&#8221;justify&#8221; offset=&#8221;vc_col-lg-6 vc_col-md-12 vc_col-xs-12&#8243;][vc_column_text el_class=&#8221;capitalize&#8221;]<\/p>\n<h2 style=\"color: #1065af; margin: top:0px; margin-bottom: 10px;\">POR QUE EU DEVO PARTICIPAR DO TREINAMENTO <span style=\"color: #5bb848; font-size: inherit;\">CLIMB<\/span>?<\/h2>\n<p><span style=\"color: #666;\">Ao participar do <span style=\"color: #5bb848; font-size: inherit;\">CLIMB<\/span> voc\u00ea ter\u00e1 acesso a um treinamento informativo com acesso a recursos educacionais e e-learning, al\u00e9m da oportunidade de participar de sess\u00f5es te\u00f3ricas e pr\u00e1ticas com workshop com pacientes e\u00a0\u00a0t\u00e9cnicas de aplica\u00e7\u00e3o com a toxina botul\u00ednica A.<\/span>[\/vc_column_text]<a href='https:\/\/climb-br.ipsenlearningnetwork.com\/?newaccount=true' target='_blank' title='#' class='dt-sc-button vc_custom_1556870291344  medium     dt-sc-one-half'  style=\"background-color:#5bb848;border-color:#5bb848;color:#ffffff;\"> Solicitar uma conta <\/a>[\/vc_column_inner][vc_column_inner css=&#8221;.vc_custom_1519949989064{margin-top: -100px !important;margin-bottom: -35px !important;}&#8221; offset=&#8221;vc_col-lg-6 vc_col-xs-12 vc_hidden-xs&#8221;][vc_single_image image=&#8221;148&#8243; img_size=&#8221;full&#8221; alignment=&#8221;center&#8221;][\/vc_column_inner][\/vc_row_inner][\/vc_column][\/vc_row][vc_row full_width=&#8221;stretch_row&#8221; css=&#8221;.vc_custom_1539610410199{padding-top: 20px !important;padding-bottom: 20px !important;background: #0a2552 url(https:\/\/www.ipsenlearningnetwork.com\/websites\/CLIMB_BR_IPSENLEARNINGNET\/wp-content\/uploads\/2018\/10\/09141815\/map_ok.gif?id=161) !important;background-position: center !important;background-repeat: no-repeat !important;background-size: cover !important;}&#8221; text_color=&#8221;#ffffff&#8221;][vc_column el_align=&#8221;justify&#8221; width=&#8221;5\/6&#8243; offset=&#8221;vc_col-xs-12&#8243; css=&#8221;.vc_custom_1525110684718{margin-top: 15px !important;margin-bottom: 0px !important;}&#8221;][vc_column_text el_class=&#8221;parallax-quote&#8221;]<\/p>\n<h2 style=\"color: white;\">Apoiado pela Ipsen<\/h2>\n<p>[\/vc_column_text][vc_column_text css=&#8221;.vc_custom_1633614044180{margin-bottom: 15px !important;}&#8221;]<\/p>\n<p style=\"color: white;\"><span class=\"cf0\">A ambi\u00e7\u00e3o de buscar a excel\u00eancia no manejo de pacientes com toxina botul\u00ednica A levou a Ipsen a estabelecer parcerias com especialistas mundiais para apoiar uma plataforma de colabora\u00e7\u00e3o cient\u00edfica internacional visando o aprendizado cont\u00ednuo atrav\u00e9s do<\/span><!--EndFragment --> <span style=\"color: #5bb848; font-size: inherit;\">CLIMB<\/span> <!--StartFragment --><span class=\"cf0\">(Continuum of Learning to Improve Management with Botulinum Toxin).<\/span><\/p>\n<p style=\"color: white;\"><!--EndFragment --><\/p>\n<p>[\/vc_column_text][\/vc_column][\/vc_row]<\/p>\n<\/div>","protected":false},"excerpt":{"rendered":"<p>[vc_row full_width=&#8221;stretch_row&#8221; css=&#8221;.vc_custom_1539384212525{background-image: url(https:\/\/www.ipsenlearningnetwork.com\/websites\/CLIMB_BR_IPSENLEARNINGNET\/wp-content\/uploads\/2018\/10\/09141818\/homebg-3.png?id=84) !important;background-position: center !important;background-repeat: no-repeat !important;background-size: cover !important;}&#8221; addstyles=&#8221;background-position: center top;&#8221;][vc_column width=&#8221;1\/2&#8243; css=&#8221;.vc_custom_1521045338869{padding-bottom: 15px !important;}&#8221;][vc_column_text css=&#8221;.vc_custom_1530024376797{padding-top: 140px !important;}&#8221;] Treinamento CLIMB Continuum Of Learning To Improve Spasticity Management with Botulinum Toxin.[\/vc_column_text][\/vc_column][\/vc_row][vc_row full_width=&#8221;stretch_row&#8221; parallax=&#8221;content-moving&#8221; parallax_image=&#8221;122&#8243; css=&#8221;.vc_custom_1539609810217{margin-right: 10px !important;margin-left: 10px !important;padding-bottom: 20px !important;}&#8221;][vc_column css=&#8221;.vc_custom_1521046183059{margin-right: 0px !important;margin-left: 0px !important;padding-top: 15px !important;padding-right: 0px !important;padding-left: 0px !important;}&#8221;][vc_column_text css=&#8221;.vc_custom_1530024425368{margin-bottom: [&hellip;]<\/p>\n","protected":false},"author":1,"featured_media":0,"parent":0,"menu_order":0,"comment_status":"closed","ping_status":"closed","template":"tpl-home.php","meta":{"footnotes":""},"class_list":["post-420","page","type-page","status-publish","hentry"],"_links":{"self":[{"href":"https:\/\/www.ipsenlearningnetwork.com\/index.php?rest_route=\/wp\/v2\/pages\/420","targetHints":{"allow":["GET"]}}],"collection":[{"href":"https:\/\/www.ipsenlearningnetwork.com\/index.php?rest_route=\/wp\/v2\/pages"}],"about":[{"href":"https:\/\/www.ipsenlearningnetwork.com\/index.php?rest_route=\/wp\/v2\/types\/page"}],"author":[{"embeddable":true,"href":"https:\/\/www.ipsenlearningnetwork.com\/index.php?rest_route=\/wp\/v2\/users\/1"}],"replies":[{"embeddable":true,"href":"https:\/\/www.ipsenlearningnetwork.com\/index.php?rest_route=%2Fwp%2Fv2%2Fcomments&post=420"}],"version-history":[{"count":64,"href":"https:\/\/www.ipsenlearningnetwork.com\/index.php?rest_route=\/wp\/v2\/pages\/420\/revisions"}],"predecessor-version":[{"id":2068,"href":"https:\/\/www.ipsenlearningnetwork.com\/index.php?rest_route=\/wp\/v2\/pages\/420\/revisions\/2068"}],"wp:attachment":[{"href":"https:\/\/www.ipsenlearningnetwork.com\/index.php?rest_route=%2Fwp%2Fv2%2Fmedia&parent=420"}],"curies":[{"name":"wp","href":"https:\/\/api.w.org\/{rel}","templated":true}]}}