{"id":404,"date":"2018-10-15T14:43:38","date_gmt":"2018-10-15T14:43:38","guid":{"rendered":"https:\/\/www.ipsenlearningnetwork.com\/privacy-policy\/"},"modified":"2021-01-12T15:16:48","modified_gmt":"2021-01-12T15:16:48","slug":"privacy-policy","status":"publish","type":"page","link":"https:\/\/www.ipsenlearningnetwork.com\/?page_id=404&lang=pt-br","title":{"rendered":"POL\u00cdTICA DE PRIVACIDADE"},"content":{"rendered":"<div class=\"wpb-content-wrapper\"><p>[vc_row full_width=&#8221;stretch_row&#8221; addstyles=&#8221;background-position: center top;&#8221; css=&#8221;.vc_custom_1539613059000{background-image: url(https:\/\/www.ipsenlearningnetwork.com\/websites\/CLIMB_BR_IPSENLEARNINGNET\/wp-content\/uploads\/2018\/10\/09141818\/homebg-3.png?id=84) !important;background-position: center !important;background-repeat: no-repeat !important;background-size: cover !important;}&#8221;][vc_column width=&#8221;1\/2&#8243; css=&#8221;.vc_custom_1521471027953{padding-bottom: 15px !important;}&#8221;][vc_column_text css=&#8221;.vc_custom_1521471124719{padding-top: 140px !important;}&#8221;]<\/p>\n<h1>POL\u00cdTICA DE PRIVACIDADE<\/h1>\n<p>[\/vc_column_text]<a href='https:\/\/www.ipsenlearningnetwork.com\/' target='_self' title='' class='dt-sc-button   medium     '  style=\"background-color:#5bb848;border-color:#5bb848;color:#ffffff;\"> Back <\/a>[\/vc_column][\/vc_row][vc_row][vc_column][vc_column_text css=&#8221;.vc_custom_1610458214987{margin-top: 15px !important;}&#8221;]Esta Pol\u00edtica de Privacidade descreve a maneira como os Dados Pessoais dos usu\u00e1rios (&#8220;Usu\u00e1rios&#8221;) do site <a href=\"https:\/\/climb-br.ipsenlearningnetwork.com\">https:\/\/climb-br.ipsenlearningnetwork.com<\/a> (o &#8220;Site&#8221;) podem ser coletados, usados, processados e armazenados pela \u00a0BEAUFOUR IPSEN FARMAC\u00caUTICA LTDA<strong>.<\/strong>, sociedade empres\u00e1ria sediada na Avenida Engenheiro Luiz Carlos Berrini, n.\u00ba 1.297, cj. 62, Bairro Cidade Mon\u00e7\u00f5es, S\u00e3o Paulo\/SP, CEP 04571-932, inscrita no CNPJ sob o n\u00ba. 07.718.721\/0001-80 (\u201cIpsen\u201d), a controladora dos dados, nos termos da Lei Geral de Prote\u00e7\u00e3o de Dados Pessoais (Lei n\u00ba 13.709\/2018, a \u201cLGPD\u201d).<\/p>\n<p>&nbsp;<\/p>\n<p>Esta Pol\u00edtica de Privacidade poder\u00e1 ser modificada ou atualizada a qualquer tempo, independentemente de notifica\u00e7\u00e3o pr\u00e9via. No entanto, os seus Dados Pessoais (conforme definido abaixo) sempre ser\u00e3o tratados de acordo com a legisla\u00e7\u00e3o de prote\u00e7\u00e3o de dados pessoais vigente.[\/vc_column_text][vc_custom_heading text=&#8221;1. Dados Pessoais coletados&#8221; google_fonts=&#8221;font_family:ABeeZee%3Aregular%2Citalic|font_style:400%20regular%3A400%3Anormal&#8221;][vc_column_text]A Ipsen pode coletar dados pessoais quando voc\u00ea se cadastra para se tornar um usu\u00e1rio, incluindo: \u00a0seu nome e sobrenome, e-mail, cidade e pa\u00eds de resid\u00eancia, CRM, especialidade, telefone, institui\u00e7\u00e3o onde trabalha (&#8220;Informa\u00e7\u00e3o Pessoal&#8221;).<\/p>\n<p>Quando voc\u00ea se cadastra como um Usu\u00e1rio, identificamos claramente quais informa\u00e7\u00f5es s\u00e3o necess\u00e1rias para o cadastro e quais informa\u00e7\u00f5es s\u00e3o facultativas e podem ser fornecidas \u00e0 seu crit\u00e9rio. Sem a inclus\u00e3o das informa\u00e7\u00f5es necess\u00e1rias, n\u00e3o ser\u00e1 poss\u00edvel fazer uso das funcionalidades do Site.[\/vc_column_text][vc_custom_heading text=&#8221;2. Uso das Informa\u00e7\u00f5es Pessoais&#8221; google_fonts=&#8221;font_family:ABeeZee%3Aregular%2Citalic|font_style:400%20regular%3A400%3Anormal&#8221;][vc_column_text]Ao fornecer informa\u00e7\u00f5es pessoais, voc\u00ea concorda que a Ipsen:<\/p>\n<ul>\n<li>Administre a sua conta e armazene as suas prefer\u00eancias pessoais.<\/li>\n<li>Envie comunica\u00e7\u00f5es do servi\u00e7o por e-mail (tais como: altera\u00e7\u00f5es de senha, lembretes para concluir os m\u00f3dulos e poss\u00edveis atualiza\u00e7\u00f5es no website).<\/li>\n<\/ul>\n<p>Suas Informa\u00e7\u00f5es Pessoais ser\u00e3o tratadas com base no interesse leg\u00edtimo da Ipsen, em especial para que a Ipsen consiga certificar que voc\u00ea realmente \u00e9 um m\u00e9dico com CRM ativo e para eventuais intera\u00e7\u00f5es para os treinamentos pr\u00e1ticos.<\/p>\n<p>Suas Informa\u00e7\u00f5es Pessoais n\u00e3o ser\u00e3o vendidas para terceiros.[\/vc_column_text][vc_custom_heading text=&#8221;3. Prazo de reten\u00e7\u00e3o das Informa\u00e7\u00f5es Pessoais&#8221; google_fonts=&#8221;font_family:ABeeZee%3Aregular%2Citalic|font_style:400%20regular%3A400%3Anormal&#8221;][vc_column_text]Suas Informa\u00e7\u00f5es Pessoais ser\u00e3o tratadas e mantidas por tempo indeterminado ou enquanto estiver vinculado ao programa de treinamento do C.L.I.M.B. Brasil.[\/vc_column_text][vc_custom_heading text=&#8221;4. SEGURAN\u00c7A&#8221; google_fonts=&#8221;font_family:ABeeZee%3Aregular%2Citalic|font_style:400%20regular%3A400%3Anormal&#8221;][vc_column_text]Para evitar acessos n\u00e3o autorizados, manter a integridade dos dados e garantir o uso correto das Informa\u00e7\u00f5es Pessoais, implementamos medidas de seguran\u00e7a, organizacionais e t\u00e9cnicas adequadas para proteger os dados pessoais que coletamos.<\/p>\n<p>N\u00e3o obstante, na qualidade de Usu\u00e1rio, voc\u00ea \u00e9 respons\u00e1vel por manter o sigilo de seu login e senha e manuten\u00e7\u00e3o de sua conta.[\/vc_column_text][vc_custom_heading text=&#8221;<br \/>\n5. Destinat\u00e1rios das Informa\u00e7\u00f5es Pessoais<br \/>\n&#8221; google_fonts=&#8221;font_family:ABeeZee%3Aregular%2Citalic|font_style:400%20regular%3A400%3Anormal&#8221;][vc_column_text]As suas Informa\u00e7\u00f5es Pessoais somente ser\u00e3o acessadas por funcion\u00e1rios autorizados da Ipsen, conforme a necessidade.<\/p>\n<p>Os seus dados pessoais poder\u00e3o ser disponibilizados para outras entidades do grupo Ipsen exterior, com o objetivo de melhor gerenciar nossa intera\u00e7\u00e3o com os Usu\u00e1rios de uma perspectiva global, para ajudar a harmonizar os principais processos de neg\u00f3cios da Ipsen, facilitando assim uma abordagem mais consistente em todos os mercados.<\/p>\n<p>Al\u00e9m disso, a Ipsen contrata prestadores de servi\u00e7os que realizam o tratamento de dados pessoais em nome da Ipsen, no Brasil e exterior. Esses prestadores de servi\u00e7os somente podem processar os seus dados pessoais de acordo com as instru\u00e7\u00f5es expressas da Ipsen e n\u00e3o podem usar seus dados para finalidades diversas.[\/vc_column_text][vc_custom_heading text=&#8221;6. Direitos dos Usu\u00e1rios &#8221; google_fonts=&#8221;font_family:ABeeZee%3Aregular%2Citalic|font_style:400%20regular%3A400%3Anormal&#8221;][vc_column_text]Voc\u00ea tem o direito de acesso, retifica\u00e7\u00e3o, elimina\u00e7\u00e3o, restri\u00e7\u00e3o, portabilidade, oposi\u00e7\u00e3o e informa\u00e7\u00e3o sobre o uso e tratamento de suas Informa\u00e7\u00f5es Pessoais. Se desejar entrar em contato conosco a respeito do uso de suas Informa\u00e7\u00f5es Pessoais ou exercer algum desses direitos, envie-nos um e-mail para: <a href=\"mailto:dataprivacy@ipsen.com\">dataprivacy@ipsen.com<\/a>.<\/p>\n<p>Ao entrar em contato conosco, por favor, indique o motivo espec\u00edfico pelo qual est\u00e1 nos contatando e inclua uma c\u00f3pia de um documento de identidade (por exemplo, carteira de identidade, passaporte, carteira de motorista), sujeito aos requisitos legais aplic\u00e1veis. Os pedidos de elimina\u00e7\u00e3o dos dados pessoais depender\u00e3o das circunst\u00e2ncias que a Ipsen estiver submetida, como por exemplo, obriga\u00e7\u00e3o legal ou regulat\u00f3ria de reten\u00e7\u00e3o. Nesse caso, voc\u00ea ser\u00e1 devidamente informado e suas Informa\u00e7\u00f5es Pessoais ser\u00e3o retidas para atender a esses fins.[\/vc_column_text][vc_custom_heading text=&#8221;7. Cancelamento de seu cadastro&#8221; google_fonts=&#8221;font_family:ABeeZee%3Aregular%2Citalic|font_style:400%20regular%3A400%3Anormal&#8221;][vc_column_text]Este Site usa ferramenta de coleta de dados anal\u00edticos, incluindo cookies gerados pelo Google Analytics. Cookies s\u00e3o pequenos arquivos de dados que s\u00e3o armazenados em seu computador, smartphone ou outro dispositivo, sem danific\u00e1-los.<\/p>\n<p>Os cookies permitem a coleta autom\u00e1tica de determinados dados do Usu\u00e1rio durante o uso do Site, tais como:<\/p>\n<ul>\n<li>O endere\u00e7o IP do usu\u00e1rio (endere\u00e7o que permite o acesso \u00e0 Internet, \u00e9 atribu\u00eddo ao dispositivo do Usu\u00e1rio pelo provedor de servi\u00e7os de Internet e as informa\u00e7\u00f5es, que mudam de acordo com a sess\u00e3o do usu\u00e1rio dentro do Site, mas n\u00e3o s\u00e3o pessoalmente identific\u00e1veis \u200b\u200bdiretamente);<\/li>\n<li>A data e hora da visita do Usu\u00e1rio no Site;<\/li>\n<li>O sistema operacional do dispositivo do Usu\u00e1rio e navegador;<\/li>\n<li>Como o Usu\u00e1rio acessa e faz uso do Site.<\/li>\n<\/ul>\n<p>O Site usa v\u00e1rios tipos de cookies:<strong> (i) c<\/strong><strong>ookies estritamente necess\u00e1rios: <\/strong>essenciais para permitir que voc\u00ea navegue no Site com seguran\u00e7a e use seus recursos; e<strong> (ii) c<\/strong><strong>ookies de desempenho:<\/strong> coletam dados anal\u00edticos sobre como os Usu\u00e1rios usam o Site, por exemplo, quais p\u00e1ginas \u00a0acessam com mais frequ\u00eancia. Isso inclui cookies anal\u00edticos gerados pelo Google Analytics.<\/p>\n<p>Esses tipos de cookies n\u00e3o coletam informa\u00e7\u00f5es que identificam diretamente os Usu\u00e1rios, mas, em vez disso, utilizam n\u00fameros e c\u00f3digos. Essas informa\u00e7\u00f5es s\u00e3o utilizadas exclusivamente para administrar o Site e melhorar a experi\u00eancia do Usu\u00e1rio. As informa\u00e7\u00f5es n\u00e3o s\u00e3o usadas para criar perfis de Usu\u00e1rios ou para fornecer publicidade direcionada. A Ipsen n\u00e3o reter\u00e1 os dados pessoais coletados (o identificador do cookie) por mais de treze meses.<\/p>\n<p>Ao visitar o Site, voc\u00ea concorda com o uso de cookies de desempenho em seu dispositivo. Voc\u00ea poder\u00e1 restringir o registro de cookies de desempenho atrav\u00e9s do passo a passo abaixo:<\/p>\n<ol>\n<li>No computador, abra o Chrome.<\/li>\n<li>No canto superior direito, clique em Mais\u00a0&gt;\u00a0Configura\u00e7\u00f5es.<\/li>\n<li>Em &#8220;Privacidade e seguran\u00e7a&#8221;, clique em\u00a0Cookies e outros dados do site.<\/li>\n<li>Selecione uma op\u00e7\u00e3o:\n<ul>\n<li>&#8220;Mostrar todos os cookies&#8221;<\/li>\n<li>&#8220;Bloquear todos os cookies (n\u00e3o recomendado)&#8221;<\/li>\n<li>&#8220;Bloquear cookies de terceiros na navega\u00e7\u00e3o an\u00f4nima&#8221;<\/li>\n<li>&#8220;Bloquear cookies de terceiros&#8221;<\/li>\n<\/ul>\n<\/li>\n<\/ol>\n<p>Importante:\u00a0se voc\u00ea bloquear cookies de terceiros, todos os cookies e dados de outros sites ser\u00e3o bloqueados, mesmo que o site seja permitido na sua lista de exce\u00e7\u00f5es.<\/p>\n<p>&nbsp;<\/p>\n<p>Esta Pol\u00edtica de Privacidade foi atualizada pela \u00faltima vez em 21\/12\/2020.<\/p>\n<p>&nbsp;<\/p>\n<p>Material destinado exclusivamente \u00e0 classe m\u00e9dica<\/p>\n<p>Jan\/2021 \u2013 DYS-BR-000730<\/p>\n<p>[\/vc_column_text][\/vc_column][\/vc_row]<\/p>\n<\/div>","protected":false},"excerpt":{"rendered":"<p>[vc_row full_width=&#8221;stretch_row&#8221; addstyles=&#8221;background-position: center top;&#8221; css=&#8221;.vc_custom_1539613059000{background-image: url(https:\/\/www.ipsenlearningnetwork.com\/websites\/CLIMB_BR_IPSENLEARNINGNET\/wp-content\/uploads\/2018\/10\/09141818\/homebg-3.png?id=84) !important;background-position: center !important;background-repeat: no-repeat !important;background-size: cover !important;}&#8221;][vc_column width=&#8221;1\/2&#8243; css=&#8221;.vc_custom_1521471027953{padding-bottom: 15px !important;}&#8221;][vc_column_text css=&#8221;.vc_custom_1521471124719{padding-top: 140px !important;}&#8221;] POL\u00cdTICA DE PRIVACIDADE [\/vc_column_text][\/vc_column][\/vc_row][vc_row][vc_column][vc_column_text css=&#8221;.vc_custom_1610458214987{margin-top: 15px !important;}&#8221;]Esta Pol\u00edtica de Privacidade descreve a maneira como os Dados Pessoais dos usu\u00e1rios (&#8220;Usu\u00e1rios&#8221;) do site https:\/\/climb-br.ipsenlearningnetwork.com (o &#8220;Site&#8221;) podem ser coletados, usados, processados e armazenados pela \u00a0BEAUFOUR [&hellip;]<\/p>\n","protected":false},"author":1,"featured_media":0,"parent":0,"menu_order":0,"comment_status":"closed","ping_status":"closed","template":"tpl-home.php","meta":{"footnotes":""},"class_list":["post-404","page","type-page","status-publish","hentry"],"_links":{"self":[{"href":"https:\/\/www.ipsenlearningnetwork.com\/index.php?rest_route=\/wp\/v2\/pages\/404","targetHints":{"allow":["GET"]}}],"collection":[{"href":"https:\/\/www.ipsenlearningnetwork.com\/index.php?rest_route=\/wp\/v2\/pages"}],"about":[{"href":"https:\/\/www.ipsenlearningnetwork.com\/index.php?rest_route=\/wp\/v2\/types\/page"}],"author":[{"embeddable":true,"href":"https:\/\/www.ipsenlearningnetwork.com\/index.php?rest_route=\/wp\/v2\/users\/1"}],"replies":[{"embeddable":true,"href":"https:\/\/www.ipsenlearningnetwork.com\/index.php?rest_route=%2Fwp%2Fv2%2Fcomments&post=404"}],"version-history":[{"count":10,"href":"https:\/\/www.ipsenlearningnetwork.com\/index.php?rest_route=\/wp\/v2\/pages\/404\/revisions"}],"predecessor-version":[{"id":1980,"href":"https:\/\/www.ipsenlearningnetwork.com\/index.php?rest_route=\/wp\/v2\/pages\/404\/revisions\/1980"}],"wp:attachment":[{"href":"https:\/\/www.ipsenlearningnetwork.com\/index.php?rest_route=%2Fwp%2Fv2%2Fmedia&parent=404"}],"curies":[{"name":"wp","href":"https:\/\/api.w.org\/{rel}","templated":true}]}}