{"id":403,"date":"2018-10-15T14:43:38","date_gmt":"2018-10-15T14:43:38","guid":{"rendered":"https:\/\/www.ipsenlearningnetwork.com\/privacy-policy\/"},"modified":"2019-03-08T11:37:59","modified_gmt":"2019-03-08T11:37:59","slug":"privacy-policy","status":"publish","type":"page","link":"https:\/\/www.ipsenlearningnetwork.com\/?page_id=403&lang=pl","title":{"rendered":"Polityka prywatno\u015bci"},"content":{"rendered":"<div class=\"wpb-content-wrapper\"><p>[vc_row full_width=&#8221;stretch_row&#8221; addstyles=&#8221;background-position: center top;&#8221; css=&#8221;.vc_custom_1539613059000{background-image: url(https:\/\/www.ipsenlearningnetwork.com\/websites\/CLIMB_BR_IPSENLEARNINGNET\/wp-content\/uploads\/2018\/10\/09141818\/homebg-3.png?id=84) !important;background-position: center !important;background-repeat: no-repeat !important;background-size: cover !important;}&#8221;][vc_column width=&#8221;1\/2&#8243; css=&#8221;.vc_custom_1521471027953{padding-bottom: 15px !important;}&#8221;][vc_column_text css=&#8221;.vc_custom_1521471124719{padding-top: 140px !important;}&#8221;]Polityka prywatno\u015bci[\/vc_column_text]<a href='https:\/\/www.ipsenlearningnetwork.com\/' target='_self' title='' class='dt-sc-button   medium     '  style=\"background-color:#5bb848;border-color:#5bb848;color:#ffffff;\"> Wstecz <\/a>[\/vc_column][\/vc_row][vc_row][vc_column][vc_column_text css=&#8221;.vc_custom_1525109348875{margin-top: 15px !important;}&#8221;]#Polityka prywatno\u015bci okre\u015bla zasady na podstawie kt\u00f3rych dane osobowe <strong>&#8220;u\u017cytkownik\u00f3w&#8221;<\/strong> s\u0105 przechowywane przez na <strong>&#8220;stronie&#8221;<\/strong> CLIMB s\u0105 zbierane, przechowywane i przetwarzane przez Ipsen Pharma SAS 65 Quai Georges Gorse, 92100 Boulogne-Billancourt, France\u00a0 NIENIEJSZA POLITYKA PRYWATNOSCI MOZE ULEGAC OKRESOWYM ZMIANOM ___________________________________________________________________$[\/vc_column_text][vc_custom_heading text=&#8221;Gromadzone dane osobowe&#8221; google_fonts=&#8221;font_family:ABeeZee%3Aregular%2Citalic|font_style:400%20regular%3A400%3Anormal&#8221;][vc_column_text]#Ipsen zbiera dane osobowe w momencie rejestracji na stronie internetowej. Dane te zawieraj\u0105 imi\u0119, nazwisko, adres e-mail, numer telefonu, kraj zamieszkania, specjalizacj\u0119, tytu\u0142 zawodowy, dane szpitala, nr praktyki lekarskiej, has\u0142o.\u00a0(&#8220;dane<strong> osobowe&#8221;<\/strong>). Aby zosta\u0107 uczestnikiem programu nale\u017cy poda\u0107 ten zakres danych osobowych. ._______________________________________________________________________$[\/vc_column_text][vc_custom_heading text=&#8221;Wykorzystanie danych osobowych&#8221; google_fonts=&#8221;font_family:ABeeZee%3Aregular%2Citalic|font_style:400%20regular%3A400%3Anormal&#8221;][vc_column_text]Your Personal Information will only be processed for the purposes of the legitimate interests pursued by Ipsen, namely having a better interaction with you.<\/p>\n<p>More specifically, by providing Personal Information you agree that Ipsen personnel or agents will:<\/p>\n<ul>\n<li>Create and administer your account, and store your personal preferences;<\/li>\n<li>Send you service communications through email (e.g. registration, password changes, Website update);<\/li>\n<li>Provide follow-up and reminders related to your activity on the Website;<\/li>\n<li>Provide other Members of the Website registered as Trainers with information about you and your activity on the Website (e.g. progress of your medical education through the Website, result to quiz or other tests through the Website, registration to CLIMB offline trainings).<\/li>\n<li>If you are registered as Trainer, provide information about you to the other Members of the Website;<\/li>\n<li>Provide you with information we believe may be of interest to you, including without limitation email newsletters, information on modules and training, invitation to trainings.<\/li>\n<\/ul>\n<p>Ipsen will keep track of the number of interactions performed, as well as their duration.<\/p>\n<p>Ipsen may also ask you to answer a number of short questions, periodically to get your feedback about your level of satisfaction with this Website, or as part of the preparation to the CLIMB training sessions to which you register through the Website.<\/p>\n<p>Your Personal Information will not be sold.<\/p>\n<p>Ipsen, or in some cases its agents, may store the Personal Information in an electronic database. Ipsen and its agents may also exchange such data with each other, with you, or with other Members of the Website registered as Trainer, over the internet or over intranet systems, for the purposes of processing the data, mailing information to you related to the Website, mailing information to you in response to your request, or otherwise carrying out the services described above.<\/p>\n<p>Ipsen may disclose your Personal Data in response to an applicable law, court order, or governmental regulation, or if such disclosure is otherwise necessary in support of any criminal or other legal investigation or proceeding here or abroad.[\/vc_column_text][vc_custom_heading text=&#8221;Okres przechowywania Danych Osobowych&#8221; google_fonts=&#8221;font_family:ABeeZee%3Aregular%2Citalic|font_style:400%20regular%3A400%3Anormal&#8221;][vc_column_text]#Pa\u0144stwa dane osobowe s\u0105 przechowywane i przetwarzane nie d\u0142u\u017cej ni\u017c przez okres 3 lat od momentu ich zebrania lub ostatniej modyfikacji._____________________$[\/vc_column_text][vc_custom_heading text=&#8221;#4. Bezpiecze\u0144stwo#&#8221; google_fonts=&#8221;font_family:ABeeZee%3Aregular%2Citalic|font_style:400%20regular%3A400%3Anormal&#8221;][vc_column_text]#Pa\u0144stwa dane osobowe s\u0105 przechowywane na zabezpieczonych serwerach w pe\u0142nym zakresie poufno\u015bci ._____________________$[\/vc_column_text][vc_custom_heading text=&#8221;Przys\u0142uguj\u0105ce Pa\u0144stwu prawa&#8221; google_fonts=&#8221;font_family:ABeeZee%3Aregular%2Citalic|font_style:400%20regular%3A400%3Anormal&#8221;][vc_column_text]You have the following rights regarding your information that may apply depending on the circumstances and applicable legislation:<\/p>\n<table>\n<tbody>\n<tr>\n<th style=\"text-align: left;width: 20%\"><strong>Right<\/strong><\/th>\n<th style=\"text-align: left\"><strong>What does this mean?<\/strong><\/th>\n<\/tr>\n<tr>\n<td style=\"text-align: left\"><strong>1. The right of access<\/strong><\/td>\n<td style=\"text-align: left\">You have the right to obtain access to the information processed by Ipsen.<\/td>\n<\/tr>\n<tr>\n<td style=\"text-align: left\"><strong>2. The right to rectification<\/strong><\/td>\n<td style=\"text-align: left\">You are entitled to have your information corrected if it is inaccurate or incomplete.<\/td>\n<\/tr>\n<tr>\n<td style=\"text-align: left\"><strong>3. The right to erasure<\/strong><\/td>\n<td style=\"text-align: left\">This is also known as \u2018the right to be forgotten\u2019 and, in simple terms, enables you to request the deletion or removal of your information where there is no compelling reason for Ipsen to keep using it. This is not a general right to erasure; there are exceptions.<\/td>\n<\/tr>\n<tr>\n<td style=\"text-align: left\"><strong>4. The right to restrict processing<\/strong><\/td>\n<td style=\"text-align: left\">You have rights to \u2018block\u2019 or suppress further use of your information in certain circumstances. When processing is restricted, Ipsen can still store your information, but may not use it further.<\/td>\n<\/tr>\n<tr>\n<td style=\"text-align: left\"><strong>5. The right to data portability<\/strong><\/td>\n<td style=\"text-align: left\">You have rights to obtain and reuse your personal data in a structured, commonly used and machine-readable format in certain circumstances.<\/td>\n<\/tr>\n<tr>\n<td style=\"text-align: left\"><strong>6. The right to object <\/strong><\/td>\n<td style=\"text-align: left\">You have the right to object to certain types of processing, in certain circumstances.<\/td>\n<\/tr>\n<\/tbody>\n<\/table>\n<p>If you wish to contact us regarding our use of your Personal Information or exercise any of your rights regarding your Personal Information, or if you are unhappy with how your information has been handled, please email Ipsen\u2019s Data Privacy Officer at <a href=\"mailto:dataprivacy@ipsen.com\">dataprivacy@ipsen.com<\/a>. If you contact us, please indicate the specific reason why you are contacting us and include a copy of a piece of identification (e.g., ID card, passport, driver\u2019s license), subject to applicable legal requirements. Requests to delete personal data will be subject to any applicable legal and ethical reporting or document filing or retention obligations imposed on us. In this case, you will be informed about this and your Personal Information will only be retained to meet those purposes.<\/p>\n<p>If you are not satisfied with the response to your complaint or believe the processing of your information does not comply with data protection law, you can make a complaint to the relevant data supervisory authority.[\/vc_column_text][vc_custom_heading text=&#8221;#6. Wypisanie si\u0119 z programu$&#8221; google_fonts=&#8221;font_family:ABeeZee%3Aregular%2Citalic|font_style:400%20regular%3A400%3Anormal&#8221;][vc_column_text]U\u017cytkownik mo\u017ce zrezygnowa\u0107 z otrzymywania informacji w dowolnym momencie poprzez przes\u0142anie e-maila na adres: <a href=\"mailto:consent@ipsen.com\">dataprivacy@ipsen.com<\/a>.[\/vc_column_text][vc_custom_heading text=&#8221;#pliki typu cookies$&#8221; google_fonts=&#8221;font_family:ABeeZee%3Aregular%2Citalic|font_style:400%20regular%3A400%3Anormal&#8221;][vc_column_text]This Website uses anonymous analytics, including cookies generated by Google Analytics. Cookies are small data files which are placed on your computer, smartphone or other device. Cookies are stored on the hard disk of your device without any risk of damaging it.<\/p>\n<p>Cookies allow us to collect automatically certain user data during your use of the Website, such as:<\/p>\n<ul>\n<li>The IP address of the User (this address, which allows access to the Internet, is assigned to the device of the User by the Internet service provider and the information, which changes according to the session of the User, is not directly personally identifiable);<\/li>\n<li>The date and time of the visit of the User on the Website;<\/li>\n<li>The operating system of the User\u2019s device as well as its browser;<\/li>\n<li>How the User accesses the Website.<\/li>\n<\/ul>\n<p>The Website uses several types of cookies:<\/p>\n<p><strong>Strictly necessary cookies: <\/strong>These cookies are essential in order to enable you to move around the Website securely and use its features.<\/p>\n<p><strong>Performance cookies:<\/strong> These cookies collect information analytics about how visitors use the Website, for instance which pages visitors go to most often, and if they get error messages from the Website. This includes analytics cookies generated by Google Analytics.<\/p>\n<p>These types of cookies do not collect information that directly identifies Users, but instead make use of numbers and codes. This information is solely used to administer the Website and improve the User experience. The information is not used to create profiles on Users or to provide targeted advertising.<\/p>\n<p>Ipsen will not retain the personal data collected (the cookie identifier) for longer than thirteen (13) months.<\/p>\n<p>By visiting this Website, you agree to the use of performance cookies on your device.<\/p>\n<p>If you don\u2019t want to receive cookies, you can modify your browser so that it notifies you when cookies are sent to it or you can refuse cookies altogether. You can also delete cookies that have already been set.<\/p>\n<p>If you wish to restrict or block web browser cookies which are set on your device then you can do this through your browser settings; the Help function within your browser should tell you how. Alternatively, you may wish to visit www.aboutcookies.org, which contains comprehensive information on how to do this on a wide variety of browsers.<\/p>\n<p>This Privacy Policy was last modified on 27 March 2018.[\/vc_column_text][\/vc_column][\/vc_row]<\/p>\n<\/div>","protected":false},"excerpt":{"rendered":"<p>[vc_row full_width=&#8221;stretch_row&#8221; addstyles=&#8221;background-position: center top;&#8221; css=&#8221;.vc_custom_1539613059000{background-image: url(https:\/\/www.ipsenlearningnetwork.com\/websites\/CLIMB_BR_IPSENLEARNINGNET\/wp-content\/uploads\/2018\/10\/09141818\/homebg-3.png?id=84) !important;background-position: center !important;background-repeat: no-repeat !important;background-size: cover !important;}&#8221;][vc_column width=&#8221;1\/2&#8243; css=&#8221;.vc_custom_1521471027953{padding-bottom: 15px !important;}&#8221;][vc_column_text css=&#8221;.vc_custom_1521471124719{padding-top: 140px !important;}&#8221;]Polityka prywatno\u015bci[\/vc_column_text][\/vc_column][\/vc_row][vc_row][vc_column][vc_column_text css=&#8221;.vc_custom_1525109348875{margin-top: 15px !important;}&#8221;]#Polityka prywatno\u015bci okre\u015bla zasady na podstawie kt\u00f3rych dane osobowe &#8220;u\u017cytkownik\u00f3w&#8221; s\u0105 przechowywane przez na &#8220;stronie&#8221; CLIMB s\u0105 zbierane, przechowywane i przetwarzane przez Ipsen Pharma SAS 65 Quai Georges Gorse, 92100 Boulogne-Billancourt, [&hellip;]<\/p>\n","protected":false},"author":1,"featured_media":0,"parent":0,"menu_order":0,"comment_status":"closed","ping_status":"closed","template":"tpl-home.php","meta":{"footnotes":""},"class_list":["post-403","page","type-page","status-publish","hentry"],"_links":{"self":[{"href":"https:\/\/www.ipsenlearningnetwork.com\/index.php?rest_route=\/wp\/v2\/pages\/403","targetHints":{"allow":["GET"]}}],"collection":[{"href":"https:\/\/www.ipsenlearningnetwork.com\/index.php?rest_route=\/wp\/v2\/pages"}],"about":[{"href":"https:\/\/www.ipsenlearningnetwork.com\/index.php?rest_route=\/wp\/v2\/types\/page"}],"author":[{"embeddable":true,"href":"https:\/\/www.ipsenlearningnetwork.com\/index.php?rest_route=\/wp\/v2\/users\/1"}],"replies":[{"embeddable":true,"href":"https:\/\/www.ipsenlearningnetwork.com\/index.php?rest_route=%2Fwp%2Fv2%2Fcomments&post=403"}],"version-history":[{"count":12,"href":"https:\/\/www.ipsenlearningnetwork.com\/index.php?rest_route=\/wp\/v2\/pages\/403\/revisions"}],"predecessor-version":[{"id":951,"href":"https:\/\/www.ipsenlearningnetwork.com\/index.php?rest_route=\/wp\/v2\/pages\/403\/revisions\/951"}],"wp:attachment":[{"href":"https:\/\/www.ipsenlearningnetwork.com\/index.php?rest_route=%2Fwp%2Fv2%2Fmedia&parent=403"}],"curies":[{"name":"wp","href":"https:\/\/api.w.org\/{rel}","templated":true}]}}