{"id":398,"date":"2018-10-15T15:31:21","date_gmt":"2018-10-15T15:31:21","guid":{"rendered":"https:\/\/www.ipsenlearningnetwork.com\/faq\/"},"modified":"2019-03-08T11:37:12","modified_gmt":"2019-03-08T11:37:12","slug":"faq","status":"publish","type":"page","link":"https:\/\/www.ipsenlearningnetwork.com\/?page_id=398&lang=pl","title":{"rendered":"FAQ"},"content":{"rendered":"<div class=\"wpb-content-wrapper\"><p>[vc_row full_width=&#8221;stretch_row&#8221; css=&#8221;.vc_custom_1539615931725{background-image: url(https:\/\/www.ipsenlearningnetwork.com\/websites\/CLIMB_BR_IPSENLEARNINGNET\/wp-content\/uploads\/2018\/10\/09141818\/homebg-3.png?id=84) !important;background-position: center !important;background-repeat: no-repeat !important;background-size: cover !important;}&#8221; addstyles=&#8221;background-position: center top;&#8221;][vc_column width=&#8221;1\/2&#8243; css=&#8221;.vc_custom_1521467433868{padding-bottom: 15px !important;}&#8221;][vc_column_text css=&#8221;.vc_custom_1521468222600{padding-top: 140px !important;}&#8221;]<\/p>\n<h1>Pomoc\/FAQ<\/h1>\n<p>[\/vc_column_text]<a href='https:\/\/www.ipsenlearningnetwork.com\/?lang=pl' target='_self' title='' class='dt-sc-button   medium     '  style=\"background-color:#5bb848;border-color:#5bb848;color:#ffffff;\"> Wstecz <\/a>[\/vc_column][\/vc_row][vc_row css=&#8221;.vc_custom_1521468264651{margin-top: 15px !important;}&#8221;][vc_column el_id=&#8221;faq_container&#8221;][vc_column_text]<\/p>\n<h2>Najcz\u0119\u015bciej zadawane pytania (FAQ)<\/h2>\n<p>[\/vc_column_text]<div class='dt-sc-toggle-group-set  inherit'><div class=\"dt-sc-toggle-frame\">\t<h5 class='dt-sc-toggle'><a href='#'>CZYM JEST PROGRAM CLIMB?<\/a><\/h5>\t<div class=\"dt-sc-toggle-content\" style=\"display: none;\">\t\t<div class=\"block\">Program szkoleniowy <span style=\"color: #5bb848;\">CLIMB<\/span> zosta\u0142 stworzony przez specjalnie dedykowany Europejski Komitet Steruj\u0105cy, sk\u0142adaj\u0105cy si\u0119 z ekspert\u00f3w w dziedzinie spastyczno\u015bci. Celem programu jest proprawa lecznia spastyczno\u015bci przy zastosowaniu toksyny boutlinowej w ca\u0142ej Europie, dzi\u0119ki pog\u0142\u0119bianiu wiedzy i doskonaleniu kwalifikacji.<\/p>\n<p>Program <span style=\"color: #5bb848;\">CLIMB<\/span> odpowiada na wielo-dziedzionowe za potrzebowanie na wiedz\u0119 oraz dzielenie si\u0119 najlepszymi do\u015bwiadczeniami.\t\t<\/div>\t<\/div><\/div><div class=\"dt-sc-toggle-frame\">\t<h5 class='dt-sc-toggle'><a href='#'>DLACZEGO POWINIENIEM ZAPISA\u0106 SI\u0118 DO PROGRAMU CLIMB?<\/a><\/h5>\t<div class=\"dt-sc-toggle-content\" style=\"display: none;\">\t\t<div class=\"block\">Mo\u017cesz poprosi\u0107 lokalnego przedstawiciela firmy Ipsen by do\u0142\u0105czy\u0142 Ci\u0119 do programu <span style=\"color: #5bb848;\">CLIMB<\/span>. Link do programu zajduje si\u0119 r\u00f3wnie\u017c na pocz\u0105tku niniejszej strony.\t\t<\/div>\t<\/div><\/div><div class=\"dt-sc-toggle-frame\">\t<h5 class='dt-sc-toggle'><a href='#'>JAK ZAPISA\u0106 SI\u0118 DO PROGRAMU?<\/a><\/h5>\t<div class=\"dt-sc-toggle-content\" style=\"display: none;\">\t\t<div class=\"block\">Mo\u017cesz poprosi\u0107 lokalnego przedstawiciela firmy Ipsen by do\u0142\u0105czy\u0142 Ci\u0119 do programu <span style=\"color: #5bb848;\">CLIMB<\/span>. Link do programu zajduje si\u0119 r\u00f3wnie\u017c na pocz\u0105tku niniejszej strony.\t\t<\/div>\t<\/div><\/div><div class=\"dt-sc-toggle-frame\">\t<h5 class='dt-sc-toggle'><a href='#'>KTO MO\u017bE ZAPISA\u0106 SI\u0118 DO PROGRAMU CIMB?<\/a><\/h5>\t<div class=\"dt-sc-toggle-content\" style=\"display: none;\">\t\t<div class=\"block\">Program szkoleniowy <span style=\"color: #5bb848;\">CLIMB<\/span> jest przeznaczony do lekarzy zaanga\u017cowynych w leczenie pacjent\u00f3w ze spastyczno\u015bci\u0105.\t\t<\/div>\t<\/div><\/div><div class=\"dt-sc-toggle-frame\">\t<h5 class='dt-sc-toggle'><a href='#'>MAM PROBLEMY Z ZALOGOWANIEM. CO POWINIENIEM ZROBI\u0106?<\/a><\/h5>\t<div class=\"dt-sc-toggle-content\" style=\"display: none;\">\t\t<div class=\"block\"><strong>M\u00d3J ADRES E-MAIL NIE ZOSTA\u0141 ROZPOZNANY: <\/strong><\/p>\n<p>Prosimy o u\u017cycie adresu mailowego podanego przy rejestracji. Je\u017celi nie masz pewno\u015bci kt\u00f3ry adres zosta\u0142 u\u017cyty, prosimy o wys\u0142anie formularza kontaktowego wybieraj\u0105c problem z rejestracj\u0105 lub logowaniem.<\/p>\n<p><strong>MOJE HAS\u0141O NIE DZIA\u0141A: <\/strong><\/p>\n<p>Je\u017celi wyst\u0119puje problem z has\u0142em, mo\u017cesz klikn\u0105\u0107 tuaj by je zresetowa\u0107. Alternatyswnie mo\u017cesz klikn\u0105\u0107 ikon\u0119 logowania na pocz\u0105tku strony a nast\u0119pnie pasek &#8220;nie pami\u0105tam has\u0142a&#8221;. Mo\u017cena r\u00f3wnie\u017c wys\u0142a\u0107 formularz kontaktowy wybieraj\u0105c proglemy z rejestracj\u0105 lub logowaniem.\t\t<\/div>\t<\/div><\/div><div class=\"dt-sc-toggle-frame\">\t<h5 class='dt-sc-toggle'><a href='#'>NIE OTRZYMA\u0141EM MAILA Z POTWIERDZENIEM REJESTRACJI. CO NALE\u017bY ZROBI\u0106?<\/a><\/h5>\t<div class=\"dt-sc-toggle-content\" style=\"display: none;\">\t\t<div class=\"block\">Po rejestracji, otrzymasz wiadomo\u015b\u0107 e-mail z potwierdzeniem. Nale\u017cy klikn\u0105\u0107 na link umieszczony w tre\u015bci tej wiadomo\u015bci w ci\u0105gu 7 dni od jej otrzymania. Je\u017celi klikniesz na link, a nie wy\u015bwietli si\u0119 strona potwierdzaj\u0105ca rejestracj\u0105 lub nie dokonano klikni\u0119cia w wymaganym terminie &#8211; prosimy o wys\u0142anie formularza kontaktowego lub kontatk z lokalnym przedstawicielem Ipsen.\t\t<\/div>\t<\/div><\/div><div class=\"dt-sc-toggle-frame\">\t<h5 class='dt-sc-toggle'><a href='#'>W KT\u00d3RYCH KRAJACH PROGRAM CLIMB JEST DOST\u0118PNY?<\/a><\/h5>\t<div class=\"dt-sc-toggle-content\" style=\"display: none;\">\t\t<div class=\"block\">Program <span style=\"color: #5bb848;\">CLIMB<\/span> jest aktualnie dost\u0119pny w Wielkiej Brytanii. Inne kraje zostan\u0105 w\u0142\u0105czone w najbli\u017cszym czasie. Aby dowiedzie\u0107 si\u0119 wi\u0119cej, zapytaj loaklnego przedstawiciela Ipsen.\t\t<\/div>\t<\/div><\/div><div class=\"dt-sc-toggle-frame\">\t<h5 class='dt-sc-toggle'><a href='#'>JAKIEJ PRZEGL\u0104DARKI POWINIENIEM U\u017bYWA\u0106?<\/a><\/h5>\t<div class=\"dt-sc-toggle-content\" style=\"display: none;\">\t\t<div class=\"block\">Nale\u017cy u\u017cywa\u0107 przegl\u0105darek internetowych, kt\u00f3re obs\u0142uguj\u0105 format HTML5, takich jak Chrome, Internet Explorer lub Safari. Je\u017celi masz problemy z otwarciem zawarto\u015bci, by\u0107 mo\u017ce jest potrzeba aktualizacji przegl\u0105darki.\t\t<\/div>\t<\/div><\/div><div class=\"dt-sc-toggle-frame\">\t<h5 class='dt-sc-toggle'><a href='#'>JAK U\u017bYWA\u0106 PLIK\u00d3W TYPU COOKIES?<\/a><\/h5>\t<div class=\"dt-sc-toggle-content\" style=\"display: none;\">\t\t<div class=\"block\">Pliki tyu COOKIES s\u0105 u\u017cywane do przechowywania danych takich jak login, do dostosowania wygl\u0105du strony do wymog\u00f3w dane kraju, j\u0119zyka, strefy czasowej. Dodatkowo s\u0105 potrzebne do dostarczania danych analitycznych. Aby dowiedzie\u0107 si\u0119 wi\u0119cej zaposnaj si\u0119 z &#8220;polityk\u0105 prywatno\u015bci&#8221;.\t\t<\/div>\t<\/div><\/div><\/div>[\/vc_column][\/vc_row]<\/p>\n<\/div>","protected":false},"excerpt":{"rendered":"<p>[vc_row full_width=&#8221;stretch_row&#8221; css=&#8221;.vc_custom_1539615931725{background-image: url(https:\/\/www.ipsenlearningnetwork.com\/websites\/CLIMB_BR_IPSENLEARNINGNET\/wp-content\/uploads\/2018\/10\/09141818\/homebg-3.png?id=84) !important;background-position: center !important;background-repeat: no-repeat !important;background-size: cover !important;}&#8221; addstyles=&#8221;background-position: center top;&#8221;][vc_column width=&#8221;1\/2&#8243; css=&#8221;.vc_custom_1521467433868{padding-bottom: 15px !important;}&#8221;][vc_column_text css=&#8221;.vc_custom_1521468222600{padding-top: 140px !important;}&#8221;] Pomoc\/FAQ [\/vc_column_text][\/vc_column][\/vc_row][vc_row css=&#8221;.vc_custom_1521468264651{margin-top: 15px !important;}&#8221;][vc_column el_id=&#8221;faq_container&#8221;][vc_column_text] Najcz\u0119\u015bciej zadawane pytania (FAQ) [\/vc_column_text][\/vc_column][\/vc_row]<\/p>\n","protected":false},"author":1,"featured_media":0,"parent":0,"menu_order":0,"comment_status":"closed","ping_status":"closed","template":"tpl-home.php","meta":{"footnotes":""},"class_list":["post-398","page","type-page","status-publish","hentry"],"_links":{"self":[{"href":"https:\/\/www.ipsenlearningnetwork.com\/index.php?rest_route=\/wp\/v2\/pages\/398","targetHints":{"allow":["GET"]}}],"collection":[{"href":"https:\/\/www.ipsenlearningnetwork.com\/index.php?rest_route=\/wp\/v2\/pages"}],"about":[{"href":"https:\/\/www.ipsenlearningnetwork.com\/index.php?rest_route=\/wp\/v2\/types\/page"}],"author":[{"embeddable":true,"href":"https:\/\/www.ipsenlearningnetwork.com\/index.php?rest_route=\/wp\/v2\/users\/1"}],"replies":[{"embeddable":true,"href":"https:\/\/www.ipsenlearningnetwork.com\/index.php?rest_route=%2Fwp%2Fv2%2Fcomments&post=398"}],"version-history":[{"count":9,"href":"https:\/\/www.ipsenlearningnetwork.com\/index.php?rest_route=\/wp\/v2\/pages\/398\/revisions"}],"predecessor-version":[{"id":948,"href":"https:\/\/www.ipsenlearningnetwork.com\/index.php?rest_route=\/wp\/v2\/pages\/398\/revisions\/948"}],"wp:attachment":[{"href":"https:\/\/www.ipsenlearningnetwork.com\/index.php?rest_route=%2Fwp%2Fv2%2Fmedia&parent=398"}],"curies":[{"name":"wp","href":"https:\/\/api.w.org\/{rel}","templated":true}]}}