{"id":388,"date":"2018-10-15T15:31:21","date_gmt":"2018-10-15T15:31:21","guid":{"rendered":"https:\/\/www.ipsenlearningnetwork.com\/faq\/"},"modified":"2019-01-23T15:20:55","modified_gmt":"2019-01-23T15:20:55","slug":"faq","status":"publish","type":"page","link":"https:\/\/www.ipsenlearningnetwork.com\/?page_id=388&lang=pt-br","title":{"rendered":"FAQ"},"content":{"rendered":"<div class=\"wpb-content-wrapper\"><p>[vc_row full_width=&#8221;stretch_row&#8221; css=&#8221;.vc_custom_1539615931725{background-image: url(https:\/\/www.ipsenlearningnetwork.com\/websites\/CLIMB_BR_IPSENLEARNINGNET\/wp-content\/uploads\/2018\/10\/09141818\/homebg-3.png?id=84) !important;background-position: center !important;background-repeat: no-repeat !important;background-size: cover !important;}&#8221; addstyles=&#8221;background-position: center top;&#8221;][vc_column width=&#8221;1\/2&#8243; css=&#8221;.vc_custom_1521467433868{padding-bottom: 15px !important;}&#8221;][vc_column_text css=&#8221;.vc_custom_1521468222600{padding-top: 140px !important;}&#8221;]<\/p>\n<h1>Ajuda \/ Perguntas Frequentes<\/h1>\n<p>[\/vc_column_text]<a href='https:\/\/www.ipsenlearningnetwork.com\/?lang=pt-br' target='_self' title='' class='dt-sc-button   medium     '  style=\"background-color:#5bb848;border-color:#5bb848;color:#ffffff;\"> Voltar <\/a>[\/vc_column][\/vc_row][vc_row css=&#8221;.vc_custom_1521468264651{margin-top: 15px !important;}&#8221;][vc_column el_id=&#8221;faq_container&#8221;][vc_column_text]<\/p>\n<h2>Perguntas Frequentes<\/h2>\n<p>[\/vc_column_text]<div class='dt-sc-toggle-group-set  inherit'><div class=\"dt-sc-toggle-frame\">\t<h5 class='dt-sc-toggle'><a href='#'>O QUE \u00c9 O TREINAMENTO CLIMB<\/a><\/h5>\t<div class=\"dt-sc-toggle-content\" style=\"display: none;\">\t\t<div class=\"block\">O TREINAMENTO <span style=\"color: #5bb848;\">CLIMB<\/span> foi projetado por um Comit\u00ea Diretivo Cient\u00edfico europeu formado por especialistas na \u00e1rea da espasticidade com o objetivo de melhorar o manejo com a toxina botul\u00ednica na Europa atrav\u00e9s do apoio cont\u00ednuo ao aprendizado. O Treinamento <span style=\"color: #5bb848;\">CLIMB<\/span> tem como objetivo uma abordagem multifuncional e totalmente atualizada \u00e0 forma\u00e7\u00e3o, al\u00e9m de proporcionar uma oportunidade de elevado padr\u00e3o para compartilhar as melhores pr\u00e1ticas de cuidados e permitir a colabora\u00e7\u00e3o de diversas quest\u00f5es importantes para o progresso da compreens\u00e3o sobre o manejo da espasticidade.\t\t<\/div>\t<\/div><\/div><div class=\"dt-sc-toggle-frame\">\t<h5 class='dt-sc-toggle'><a href='#'>POR QUE EU DEVO PARTICIPAR DO TREINAMENTO CLIMB?<\/a><\/h5>\t<div class=\"dt-sc-toggle-content\" style=\"display: none;\">\t\t<div class=\"block\">Ao participar do Treinamento <span style=\"color: #5bb848;\">CLIMB<\/span>, voc\u00ea ter\u00e1 acesso aos recursos educacionais e e-learning, al\u00e9m da oportunidade de participar de sess\u00f5es te\u00f3ricas e pr\u00e1ticas de treinamento com aplica\u00e7\u00e3o de toxina botul\u00ednica.\t\t<\/div>\t<\/div><\/div><div class=\"dt-sc-toggle-frame\">\t<h5 class='dt-sc-toggle'><a href='#'>COMO EU ME CADASTRO NO CLIMB?<\/a><\/h5>\t<div class=\"dt-sc-toggle-content\" style=\"display: none;\">\t\t<div class=\"block\">Voc\u00ea pode solicitar um cadastro no Treinamento <span style=\"color: #5bb848;\">CLIMB<\/span> com o seu Representante local da Ipsen. Como alternativa, voc\u00ea pode clicar no link \u201cFa\u00e7a parte do Treinamento <span style=\"color: #5bb848;\">CLIMB<\/span>\u201d na parte superior da p\u00e1gina abaixo do bot\u00e3o \u201cAcessar\u201d.\t\t<\/div>\t<\/div><\/div><div class=\"dt-sc-toggle-frame\">\t<h5 class='dt-sc-toggle'><a href='#'>QUEM PODE SE CADASTRAR NO CLIMB?<\/a><\/h5>\t<div class=\"dt-sc-toggle-content\" style=\"display: none;\">\t\t<div class=\"block\">O Treinamento <span style=\"color: #5bb848;\">CLIMB<\/span> est\u00e1 dispon\u00edvel para profissionais de sa\u00fade envolvidos no manejo de pacientes com espasticidade.\t\t<\/div>\t<\/div><\/div><div class=\"dt-sc-toggle-frame\">\t<h5 class='dt-sc-toggle'><a href='#'>EU ESTOU ENFRENTANDO PROBLEMAS PARA ACESSAR, O QUE EU DEVO FAZER?<\/a><\/h5>\t<div class=\"dt-sc-toggle-content\" style=\"display: none;\">\t\t<div class=\"block\"><strong>O MEU E-MAIL N\u00c3O EST\u00c1 SENDO RECONHECIDO<\/strong>\nVoc\u00ea dever\u00e1 inserir o endere\u00e7o de e-mail para se cadastrar no site. Caso voc\u00ea n\u00e3o saiba o endere\u00e7o de e-mail, ou entenda que h\u00e1 um erro, por favor, Entre em Contato Conosco e selecione \u201cProblemas ao Cadastrar ou Acessar\u201d.<\/p>\n<p><strong>A MINHA SENHA EST\u00c1 ERRADA<\/strong>\nCaso voc\u00ea esteja enfrentando problemas com a sua senha, voc\u00ea pode clicar aqui para redefini-la. Como alternativa, voc\u00ea pode clicar no bot\u00e3o Acessar na parte superior da p\u00e1gina e clicar em Esqueci Minha Senha. Por favor, Entre em Contato Conosco e selecione \u201cProblemas ao Cadastrar ou Acessar\u201d para qualquer outra d\u00favida.\t\t<\/div>\t<\/div><\/div><div class=\"dt-sc-toggle-frame\">\t<h5 class='dt-sc-toggle'><a href='#'>EU N\u00c3O RECEBI UM E-MAIL DE CONFIRMA\u00c7\u00c3O DE CADASTRO, O QUE EU DEVO FAZER?<\/a><\/h5>\t<div class=\"dt-sc-toggle-content\" style=\"display: none;\">\t\t<div class=\"block\">Ap\u00f3s efetuar o seu cadastro, voc\u00ea receber\u00e1 um e-mail de confirma\u00e7\u00e3o. Voc\u00ea dever\u00e1 clicar no link no e-mail para ativar a sua conta em at\u00e9 7 dias. Caso voc\u00ea tenha clicado no link, mas ainda assim n\u00e3o recebeu o seu e-mail de confirma\u00e7\u00e3o de cadastro, ou caso voc\u00ea n\u00e3o tenha clicado no link dentro do prazo, por favor, Entre em Contato Conosco ou com o seu Representante local da Ipsen.\t\t<\/div>\t<\/div><\/div><div class=\"dt-sc-toggle-frame\">\t<h5 class='dt-sc-toggle'><a href='#'>EM QUAIS PA\u00cdSES O CLIMB EST\u00c1 DISPON\u00cdVEL?<\/a><\/h5>\t<div class=\"dt-sc-toggle-content\" style=\"display: none;\">\t\t<div class=\"block\">O Treinamento <span style=\"color: #5bb848;\">CLIMB<\/span> atualmente est\u00e1 dispon\u00edvel no Reino Unido. Outros pa\u00edses ser\u00e3o adicionados em breve; entre em contato com o seu Representante local da Ipsen para saber mais.\t\t<\/div>\t<\/div><\/div><div class=\"dt-sc-toggle-frame\">\t<h5 class='dt-sc-toggle'><a href='#'>QUAL NAVEGADOR EU DEVO UTILIZAR?<\/a><\/h5>\t<div class=\"dt-sc-toggle-content\" style=\"display: none;\">\t\t<div class=\"block\">Voc\u00ea vai precisar utilizar um navegador que suporte HTML5, como o Chrome, o Internet Explorer ou o Safari. Caso voc\u00ea esteja enfrentando problemas para visualizar os recursos do site, voc\u00ea pode precisar atualizar o seu navegador para a vers\u00e3o mais recente.\t\t<\/div>\t<\/div><\/div><div class=\"dt-sc-toggle-frame\">\t<h5 class='dt-sc-toggle'><a href='#'>COMO N\u00d3S UTILIZAMOS OS COOKIES?<\/a><\/h5>\t<div class=\"dt-sc-toggle-content\" style=\"display: none;\">\t\t<div class=\"block\">Os cookies s\u00e3o utilizados para armazenar detalhes de autentica\u00e7\u00e3o de acesso, personalizar a sua visualiza\u00e7\u00e3o do site com base no seu pa\u00eds, idioma e fuso hor\u00e1rio, al\u00e9m de fornecer dados anal\u00edticos para nos ajudar a melhorar o servi\u00e7o do site. Para obter mais informa\u00e7\u00f5es sobre este assunto, al\u00e9m de informa\u00e7\u00f5es sobre como bloquear cookies, por favor, consulte a Pol\u00edticas de Privacidade.\t\t<\/div>\t<\/div><\/div><\/div>[\/vc_column][\/vc_row]<\/p>\n<\/div>","protected":false},"excerpt":{"rendered":"<p>[vc_row full_width=&#8221;stretch_row&#8221; css=&#8221;.vc_custom_1539615931725{background-image: url(https:\/\/www.ipsenlearningnetwork.com\/websites\/CLIMB_BR_IPSENLEARNINGNET\/wp-content\/uploads\/2018\/10\/09141818\/homebg-3.png?id=84) !important;background-position: center !important;background-repeat: no-repeat !important;background-size: cover !important;}&#8221; addstyles=&#8221;background-position: center top;&#8221;][vc_column width=&#8221;1\/2&#8243; css=&#8221;.vc_custom_1521467433868{padding-bottom: 15px !important;}&#8221;][vc_column_text css=&#8221;.vc_custom_1521468222600{padding-top: 140px !important;}&#8221;] Ajuda \/ Perguntas Frequentes [\/vc_column_text][\/vc_column][\/vc_row][vc_row css=&#8221;.vc_custom_1521468264651{margin-top: 15px !important;}&#8221;][vc_column el_id=&#8221;faq_container&#8221;][vc_column_text] Perguntas Frequentes [\/vc_column_text][\/vc_column][\/vc_row]<\/p>\n","protected":false},"author":1,"featured_media":0,"parent":0,"menu_order":0,"comment_status":"closed","ping_status":"closed","template":"tpl-home.php","meta":{"footnotes":""},"class_list":["post-388","page","type-page","status-publish","hentry"],"_links":{"self":[{"href":"https:\/\/www.ipsenlearningnetwork.com\/index.php?rest_route=\/wp\/v2\/pages\/388","targetHints":{"allow":["GET"]}}],"collection":[{"href":"https:\/\/www.ipsenlearningnetwork.com\/index.php?rest_route=\/wp\/v2\/pages"}],"about":[{"href":"https:\/\/www.ipsenlearningnetwork.com\/index.php?rest_route=\/wp\/v2\/types\/page"}],"author":[{"embeddable":true,"href":"https:\/\/www.ipsenlearningnetwork.com\/index.php?rest_route=\/wp\/v2\/users\/1"}],"replies":[{"embeddable":true,"href":"https:\/\/www.ipsenlearningnetwork.com\/index.php?rest_route=%2Fwp%2Fv2%2Fcomments&post=388"}],"version-history":[{"count":9,"href":"https:\/\/www.ipsenlearningnetwork.com\/index.php?rest_route=\/wp\/v2\/pages\/388\/revisions"}],"predecessor-version":[{"id":801,"href":"https:\/\/www.ipsenlearningnetwork.com\/index.php?rest_route=\/wp\/v2\/pages\/388\/revisions\/801"}],"wp:attachment":[{"href":"https:\/\/www.ipsenlearningnetwork.com\/index.php?rest_route=%2Fwp%2Fv2%2Fmedia&parent=388"}],"curies":[{"name":"wp","href":"https:\/\/api.w.org\/{rel}","templated":true}]}}