{"id":323,"date":"2018-10-15T15:47:33","date_gmt":"2018-10-15T15:47:33","guid":{"rendered":"https:\/\/www.ipsenlearningnetwork.com\/contact-us\/"},"modified":"2019-03-08T11:37:39","modified_gmt":"2019-03-08T11:37:39","slug":"contact-us","status":"publish","type":"page","link":"https:\/\/www.ipsenlearningnetwork.com\/?page_id=323&lang=pl","title":{"rendered":"Kontakt"},"content":{"rendered":"<div class=\"wpb-content-wrapper\"><p>[vc_row full_width=&#8221;stretch_row&#8221; css=&#8221;.vc_custom_1539616773307{background-image: url(https:\/\/www.ipsenlearningnetwork.com\/websites\/CLIMB_BR_IPSENLEARNINGNET\/wp-content\/uploads\/2018\/10\/09141818\/homebg-3.png?id=84) !important;background-position: center !important;background-repeat: no-repeat !important;background-size: cover !important;}&#8221; addstyles=&#8221;background-position: center top;&#8221;][vc_column width=&#8221;1\/2&#8243; css=&#8221;.vc_custom_1521468548302{padding-bottom: 15px !important;}&#8221;][vc_column_text css=&#8221;.vc_custom_1521471482441{padding-top: 140px !important;}&#8221;]<\/p>\n<h1>SKONTAKTUJ SI\u0118 Z NAMI<\/h1>\n<p>[\/vc_column_text]<a href='https:\/\/www.ipsenlearningnetwork.com\/?lang=pl' target='_self' title='' class='dt-sc-button   medium     '  style=\"background-color:#5bb848;border-color:#5bb848;color:#ffffff;\"> Wstecz <\/a>[\/vc_column][\/vc_row][vc_row][vc_column css=&#8221;.vc_custom_1521472078856{margin-top: 15px !important;}&#8221;][vc_row_inner css=&#8221;.vc_custom_1521469172732{margin-bottom: 0px !important;}&#8221;][vc_column_inner width=&#8221;1\/4&#8243; css=&#8221;.vc_custom_1521469147463{margin-top: 15px !important;margin-bottom: 0px !important;}&#8221;][\/vc_column_inner][vc_column_inner width=&#8221;1\/2&#8243;][vc_column_text css=&#8221;.vc_custom_1521469220782{margin-bottom: 0px !important;}&#8221;]<strong>Strona jest przeznaczona dla przedstawicieli zawod\u00f3w medycznych .<\/strong><\/p>\n<p>*Wszystkie pola s\u0105 wymagane[\/vc_column_text][\/vc_column_inner][vc_column_inner width=&#8221;1\/4&#8243;][\/vc_column_inner][\/vc_row_inner][vc_row_inner][vc_column_inner width=&#8221;1\/4&#8243;][\/vc_column_inner][vc_column_inner width=&#8221;1\/2&#8243;]\n<div class=\"wpcf7 no-js\" id=\"wpcf7-f231-o1\" lang=\"en-US\" dir=\"ltr\" data-wpcf7-id=\"231\">\n<div class=\"screen-reader-response\"><p role=\"status\" aria-live=\"polite\" aria-atomic=\"true\"><\/p> <ul><\/ul><\/div>\n<form action=\"\/index.php?rest_route=%2Fwp%2Fv2%2Fpages%2F323#wpcf7-f231-o1\" method=\"post\" class=\"wpcf7-form init cf7_custom\" aria-label=\"Contact form\" novalidate=\"novalidate\" data-status=\"init\">\n<div style=\"display: none;\">\n<input type=\"hidden\" name=\"_wpcf7\" value=\"231\" \/>\n<input type=\"hidden\" name=\"_wpcf7_version\" value=\"6.0.1\" \/>\n<input type=\"hidden\" name=\"_wpcf7_locale\" value=\"en_US\" \/>\n<input type=\"hidden\" name=\"_wpcf7_unit_tag\" value=\"wpcf7-f231-o1\" \/>\n<input type=\"hidden\" name=\"_wpcf7_container_post\" value=\"0\" \/>\n<input type=\"hidden\" name=\"_wpcf7_posted_data_hash\" value=\"\" \/>\n<\/div>\n<p>[vc_row]<br \/>\n[vc_column]<span class=\"wpcf7-form-control-wrap\" data-name=\"title\"><select class=\"wpcf7-form-control wpcf7-select wpcf7-validates-as-required\" aria-required=\"true\" aria-invalid=\"false\" name=\"title\"><option value=\"\">Tytu\u0142 naukowy<\/option><option value=\"Profesor\">Profesor<\/option><option value=\"Profesor nadzw.\">Profesor nadzw.<\/option><option value=\"Dr\">Dr<\/option><option value=\"Pan\">Pan<\/option><option value=\"Pani\">Pani<\/option><\/select><\/span>[\/vc_column]<br \/>\n[vc_empty_space height=\"2px\"][vc_column]<span class=\"wpcf7-form-control-wrap\" data-name=\"firstname\"><input size=\"40\" maxlength=\"400\" class=\"wpcf7-form-control wpcf7-text wpcf7-validates-as-required\" aria-required=\"true\" aria-invalid=\"false\" placeholder=\"Imi\u0119\" value=\"\" type=\"text\" name=\"firstname\" \/><\/span>[\/vc_column]<br \/>\n[vc_empty_space height=\"2px\"][vc_column]<span class=\"wpcf7-form-control-wrap\" data-name=\"lastname\"><input size=\"40\" maxlength=\"400\" class=\"wpcf7-form-control wpcf7-text wpcf7-validates-as-required\" aria-required=\"true\" aria-invalid=\"false\" placeholder=\"Nazwisko\" value=\"\" type=\"text\" name=\"lastname\" \/><\/span>[\/vc_column]<br \/>\n[vc_empty_space height=\"2px\"][vc_column]<span class=\"wpcf7-form-control-wrap\" data-name=\"email-573\"><input size=\"40\" maxlength=\"400\" class=\"wpcf7-form-control wpcf7-email wpcf7-validates-as-required wpcf7-text wpcf7-validates-as-email\" aria-required=\"true\" aria-invalid=\"false\" placeholder=\"adres e-mail\" value=\"\" type=\"email\" name=\"email-573\" \/><\/span>[\/vc_column]<br \/>\n[vc_empty_space height=\"2px\"][vc_column]<span class=\"wpcf7-form-control-wrap\" data-name=\"job\"><select class=\"wpcf7-form-control wpcf7-select wpcf7-validates-as-required\" aria-required=\"true\" aria-invalid=\"false\" name=\"job\"><option value=\"\">Pracuj\u0119 jako\u2026<\/option><option value=\"Lekarz\">Lekarz<\/option><option value=\"Fizjoterapeuta\">Fizjoterapeuta<\/option><option value=\"Piel\u0119gniarka\">Piel\u0119gniarka<\/option><option value=\"Inny zaw\u00f3d\">Inny zaw\u00f3d<\/option><\/select><\/span>[\/vc_column]<br \/>\n[vc_empty_space height=\"2px\"][vc_column]<span class=\"wpcf7-form-control-wrap\" data-name=\"country\"><select class=\"wpcf7-form-control wpcf7-select wpcf7-validates-as-required\" aria-required=\"true\" aria-invalid=\"false\" name=\"country\"><option value=\"\">Kraj<\/option><option value=\"POLAND\">POLAND<\/option><\/select><\/span>[\/vc_column]<br \/>\n[vc_empty_space height=\"2px\"][vc_column]<span class=\"wpcf7-form-control-wrap\" data-name=\"zipcode\"><input size=\"40\" maxlength=\"400\" class=\"wpcf7-form-control wpcf7-text wpcf7-validates-as-required\" aria-required=\"true\" aria-invalid=\"false\" placeholder=\"Kod pocztowy\" value=\"\" type=\"text\" name=\"zipcode\" \/><\/span>[\/vc_column]<br \/>\n[vc_empty_space height=\"2px\"][vc_column]<span class=\"wpcf7-form-control-wrap\" data-name=\"region\"><input size=\"40\" maxlength=\"400\" class=\"wpcf7-form-control wpcf7-text wpcf7-validates-as-required\" aria-required=\"true\" aria-invalid=\"false\" placeholder=\"Wojew\u00f3dztwo\" value=\"\" type=\"text\" name=\"region\" \/><\/span>[\/vc_column]<br \/>\n[vc_empty_space height=\"2px\"][vc_column]<span class=\"wpcf7-form-control-wrap\" data-name=\"contact\"><select class=\"wpcf7-form-control wpcf7-select wpcf7-validates-as-required\" aria-required=\"true\" aria-invalid=\"false\" name=\"contact\"><option value=\"\">Prosz\u0119 o konat w sprawie<\/option><option value=\"Programu CLIMB\">Programu CLIMB<\/option><option value=\"Problemu ze stron\u0105 internetow\u0105\">Problemu ze stron\u0105 internetow\u0105<\/option><option value=\"Problemu z rejestracj\u0105 lub logowaniem\">Problemu z rejestracj\u0105 lub logowaniem<\/option><option value=\"Informacj\u0105 zwrotn\u0105 dot. strony internetowej\">Informacj\u0105 zwrotn\u0105 dot. strony internetowej<\/option><option value=\"Pytaniem dot. strony internetowej\">Pytaniem dot. strony internetowej<\/option><\/select><\/span>[\/vc_column]<br \/>\n[vc_column][vc_empty_space height=\"20px\"][vc_column]<input class=\"wpcf7-form-control wpcf7-submit has-spinner\" type=\"submit\" value=\"Wy\u015blij wiadomo\u015b\u0107\" \/>[\/vc_column]<br \/>\n[\/vc_row]\n<\/p><input type='hidden' class='wpcf7-pum' value='{\"closepopup\":false,\"closedelay\":0,\"openpopup\":false,\"openpopup_id\":0}' \/><div class=\"wpcf7-response-output\" aria-hidden=\"true\"><\/div>\n<\/form>\n<\/div>\n[\/vc_column_inner][vc_column_inner width=&#8221;1\/4&#8243;][\/vc_column_inner][\/vc_row_inner][vc_row_inner][vc_column_inner width=&#8221;1\/4&#8243;][\/vc_column_inner][vc_column_inner el_align=&#8221;center&#8221; width=&#8221;1\/2&#8243;][vc_column_text]Klikaj\u0105c tutaj zgadzasz si\u0119 na przetwarzanie danych zgodnie z <a href=\"https:\/\/www.ipsenlearningnetwork.com\/?page_id=403&#038;lang=pl\">Polityk\u0105 Prywatno\u015bci<\/a>.[\/vc_column_text][\/vc_column_inner][vc_column_inner width=&#8221;1\/4&#8243;][\/vc_column_inner][\/vc_row_inner][\/vc_column][\/vc_row][vc_row][vc_column][\/vc_column][\/vc_row]<\/p>\n<\/div>","protected":false},"excerpt":{"rendered":"<p>[vc_row full_width=&#8221;stretch_row&#8221; css=&#8221;.vc_custom_1539616773307{background-image: url(https:\/\/www.ipsenlearningnetwork.com\/websites\/CLIMB_BR_IPSENLEARNINGNET\/wp-content\/uploads\/2018\/10\/09141818\/homebg-3.png?id=84) !important;background-position: center !important;background-repeat: no-repeat !important;background-size: cover !important;}&#8221; addstyles=&#8221;background-position: center top;&#8221;][vc_column width=&#8221;1\/2&#8243; css=&#8221;.vc_custom_1521468548302{padding-bottom: 15px !important;}&#8221;][vc_column_text css=&#8221;.vc_custom_1521471482441{padding-top: 140px !important;}&#8221;] SKONTAKTUJ SI\u0118 Z NAMI [\/vc_column_text][\/vc_column][\/vc_row][vc_row][vc_column css=&#8221;.vc_custom_1521472078856{margin-top: 15px !important;}&#8221;][vc_row_inner css=&#8221;.vc_custom_1521469172732{margin-bottom: 0px !important;}&#8221;][vc_column_inner width=&#8221;1\/4&#8243; css=&#8221;.vc_custom_1521469147463{margin-top: 15px !important;margin-bottom: 0px !important;}&#8221;][\/vc_column_inner][vc_column_inner width=&#8221;1\/2&#8243;][vc_column_text css=&#8221;.vc_custom_1521469220782{margin-bottom: 0px !important;}&#8221;]Strona jest przeznaczona dla przedstawicieli zawod\u00f3w medycznych . *Wszystkie pola s\u0105 wymagane[\/vc_column_text][\/vc_column_inner][vc_column_inner width=&#8221;1\/4&#8243;][\/vc_column_inner][\/vc_row_inner][vc_row_inner][vc_column_inner width=&#8221;1\/4&#8243;][\/vc_column_inner][vc_column_inner [&hellip;]<\/p>\n","protected":false},"author":1,"featured_media":0,"parent":0,"menu_order":0,"comment_status":"closed","ping_status":"closed","template":"tpl-home.php","meta":{"footnotes":""},"class_list":["post-323","page","type-page","status-publish","hentry"],"_links":{"self":[{"href":"https:\/\/www.ipsenlearningnetwork.com\/index.php?rest_route=\/wp\/v2\/pages\/323","targetHints":{"allow":["GET"]}}],"collection":[{"href":"https:\/\/www.ipsenlearningnetwork.com\/index.php?rest_route=\/wp\/v2\/pages"}],"about":[{"href":"https:\/\/www.ipsenlearningnetwork.com\/index.php?rest_route=\/wp\/v2\/types\/page"}],"author":[{"embeddable":true,"href":"https:\/\/www.ipsenlearningnetwork.com\/index.php?rest_route=\/wp\/v2\/users\/1"}],"replies":[{"embeddable":true,"href":"https:\/\/www.ipsenlearningnetwork.com\/index.php?rest_route=%2Fwp%2Fv2%2Fcomments&post=323"}],"version-history":[{"count":7,"href":"https:\/\/www.ipsenlearningnetwork.com\/index.php?rest_route=\/wp\/v2\/pages\/323\/revisions"}],"predecessor-version":[{"id":950,"href":"https:\/\/www.ipsenlearningnetwork.com\/index.php?rest_route=\/wp\/v2\/pages\/323\/revisions\/950"}],"wp:attachment":[{"href":"https:\/\/www.ipsenlearningnetwork.com\/index.php?rest_route=%2Fwp%2Fv2%2Fmedia&parent=323"}],"curies":[{"name":"wp","href":"https:\/\/api.w.org\/{rel}","templated":true}]}}