{"id":291,"date":"2018-10-15T15:51:05","date_gmt":"2018-10-15T15:51:05","guid":{"rendered":"https:\/\/www.ipsenlearningnetwork.com\/terms-and-conditions\/"},"modified":"2019-03-08T11:38:23","modified_gmt":"2019-03-08T11:38:23","slug":"terms-and-conditions","status":"publish","type":"page","link":"https:\/\/www.ipsenlearningnetwork.com\/?page_id=291&lang=pl","title":{"rendered":"Warunki korzystania z Witryny"},"content":{"rendered":"<div class=\"wpb-content-wrapper\"><p>[vc_row full_width=&#8221;stretch_row&#8221; css=&#8221;.vc_custom_1539616984372{background-image: url(https:\/\/www.ipsenlearningnetwork.com\/websites\/CLIMB_BR_IPSENLEARNINGNET\/wp-content\/uploads\/2018\/10\/09141818\/homebg-3.png?id=84) !important;background-position: center !important;background-repeat: no-repeat !important;background-size: cover !important;}&#8221; addstyles=&#8221;background-position: center top;&#8221;][vc_column width=&#8221;1\/2&#8243; css=&#8221;.vc_custom_1521471498817{padding-bottom: 15px !important;}&#8221;][vc_column_text css=&#8221;.vc_custom_1521471519886{padding-top: 140px !important;}&#8221;]<\/p>\n<h1>WARUNKI KORZYSTANIA Z WITRYNY<\/h1>\n<p>[\/vc_column_text]<a href='https:\/\/www.ipsenlearningnetwork.com\/?lang=pl' target='_self' title='' class='dt-sc-button   medium     '  style=\"background-color:#5bb848;border-color:#5bb848;color:#ffffff;\"> Wstecz <\/a>[\/vc_column][\/vc_row][vc_row][vc_column css=&#8221;.vc_custom_1525109703980{margin-top: 15px !important;}&#8221; el_id=&#8221;termsandcondition_container&#8221;][vc_custom_heading text=&#8221;1. Akceptacja&#8221; google_fonts=&#8221;font_family:ABeeZee%3Aregular%2Citalic|font_style:400%20regular%3A400%3Anormal&#8221;][vc_column_text]Witryna internetowa CLIMB (\u201e<strong>Witryna<\/strong>\u201d) zosta\u0142a zaprojektowana i jest zarz\u0105dzana przez firm\u0119 Ipsen Pharma S.A.S z siedzib\u0105 przy 65 Quai Georges Gorse, 92100 Boulogne-Billancourt, Francja (zwan\u0105 dalej wraz ze sp\u00f3\u0142kami stowarzyszonymi \u201e<strong>Ipsen<\/strong>\u201d). Dost\u0119p do Witryny i korzystanie z niej podlega poni\u017cszym Warunkom oraz wszystkim obowi\u0105zuj\u0105cym przepisom prawa. Korzystanie z Witryny w zakresie gromadzenia, wykorzystywania, udost\u0119pniania i przechowywania przez firm\u0119 Ipsen danych osobowych jest dodatkowo uregulowane w Polityce prywatno\u015bci.<\/p>\n<p>Uzyskanie dost\u0119pu do Witryny, rejestracja w niej oraz korzystanie z jej zasob\u00f3w jest r\u00f3wnoznaczne z zaakceptowaniem bez ogranicze\u0144 i zastrze\u017ce\u0144 poni\u017cszych Warunk\u00f3w korzystania z Witryny. Je\u017celi nie wyra\u017casz zgody na niniejsze Warunki korzystania z Witryny, <strong>nie<\/strong> wybieraj opcji \u201eutw\u00f3rz konto\u201d, \u201elogowanie\u201d, \u201enawi\u0105\u017c kontakt\u201d (ani innej podobnej opcji) i nie pr\u00f3buj w \u017caden inny spos\u00f3b uzyska\u0107 dost\u0119pu do Witryny ani z niej korzysta\u0107.[\/vc_column_text][vc_custom_heading text=&#8221;2. Cel dzia\u0142ania Witryny&#8221; google_fonts=&#8221;font_family:ABeeZee%3Aregular%2Citalic|font_style:400%20regular%3A400%3Anormal&#8221;][vc_column_text]Celem dzia\u0142ania niniejszej Witryny jest:<\/p>\n<ul>\n<li>przekazywanie przedstawicielom zawod\u00f3w medycznych wiedzy na temat leczenia spastyczno\u015bci;<\/li>\n<li>rozpoznawanie ich niezaspokojonych potrzeb edukacyjnych i szkoleniowych;<\/li>\n<li>umo\u017cliwienie wymiany do\u015bwiadcze\u0144;<\/li>\n<li>udost\u0119pnienie kompleksowego programu szkole\u0144 w zakresie leczenia spastyczno\u015bci toksyn\u0105 botulinow\u0105;<\/li>\n<li>ujednolicenie najlepszych praktyk w celu opracowania wsp\u00f3lnego programu stanowi\u0105cego mi\u0119dzynarodowy bran\u017cowy \u201ez\u0142oty standard\u201d;<\/li>\n<li>dostarczanie informacji na temat leku Dysport;<\/li>\n<li>umo\u017cliwienie przedstawicielom zawod\u00f3w medycznych rejestracji na stacjonarne szkolenia CLIMB na temat iniekcji toksyny botulinowej.<\/li>\n<\/ul>\n<p>W ramach dzia\u0142ania Witryny nie wydaje si\u0119 \u017cadnych certyfikat\u00f3w w zakresie kszta\u0142cenia medycznego.[\/vc_column_text][vc_custom_heading text=&#8221;3. U\u017cytkownicy i go\u015bcie&#8221; google_fonts=&#8221;font_family:ABeeZee%3Aregular%2Citalic|font_style:400%20regular%3A400%3Anormal&#8221;][vc_column_text]Zarejestrowani u\u017cytkownicy Witryny otrzymuj\u0105 status \u201eU\u017cytkownika\u201d, za\u015b niezarejestrowani status \u201eGo\u015bcia\u201d. Niniejsze Warunki korzystania z Witryny obowi\u0105zuj\u0105 zar\u00f3wno jednych, jak i drugich.<\/p>\n<p>Zgodnie z Warunkami korzystania z Witryny w momencie rejestracji i do\u0142\u0105czenia do Witryny otrzymujesz status U\u017cytkownika. Niekt\u00f3rzy U\u017cytkownicy mog\u0105 zarejestrowa\u0107 si\u0119 w Witrynie jako trenerzy szkole\u0144 CLIMB w zakresie iniekcji (\u201eTrenerzy\u201d).<\/p>\n<p>Bez rejestracji mo\u017cna uzyska\u0107 dost\u0119p do strony startowej Witryny jako Go\u015b\u0107.[\/vc_column_text][vc_custom_heading text=&#8221;4. Kryteria kwalifikacji do rejestracji w Witrynie&#8221; google_fonts=&#8221;font_family:ABeeZee%3Aregular%2Citalic|font_style:400%20regular%3A400%3Anormal&#8221;][vc_column_text]W Witrynie mog\u0105 si\u0119 zarejestrowa\u0107 wy\u0142\u0105cznie przedstawiciele zawod\u00f3w medycznych. Wyst\u0119puj\u0105c z wnioskiem o za\u0142o\u017cenie konta, rejestruj\u0105c si\u0119 oraz korzystaj\u0105c z Witryny w charakterze U\u017cytkownika, z pe\u0142n\u0105 odpowiedzialno\u015bci\u0105 potwierdzasz i gwarantujesz, \u017ce spe\u0142niasz nast\u0119puj\u0105ce warunki: (i) jeste\u015b przedstawicielem zawodu medycznego, (ii) posiadasz tylko jedno konto pod swoim prawdziwym imieniem i nazwiskiem oraz nazw\u0105 stanowiska oraz (iii) Twoje konto nie zosta\u0142o wcze\u015bniej zablokowane przez firm\u0119 Ipsen.<\/p>\n<p>Ka\u017cdy wniosek o rejestracj\u0119 w Witrynie zostanie poddany procesowi weryfikacji oraz akceptacji przeprowadzonemu przez firm\u0119 Ipsen. Firma Ipsen poinformuje o swojej pozytywnej b\u0105d\u017a odmownej decyzji. Decyzja ta b\u0119dzie nieodwo\u0142alna.<\/p>\n<p>Zarejestrowanie si\u0119 jako U\u017cytkownik Witryny jest r\u00f3wnoznaczne ze zobowi\u0105zaniem si\u0119 do bezzw\u0142ocznego poinformowania firmy Ipsen w przypadku zaprzestania pracy w charakterze przedstawiciela zawodu medycznego lub w sytuacji jakiejkolwiek zmiany (np. zaprzestania pe\u0142nienia funkcji Trenera).<\/p>\n<p>Firma Ipsen mo\u017ce anulowa\u0107 rejestracj\u0119 U\u017cytkownika Witryny, je\u015bli uzna, \u017ce U\u017cytkownik nie spe\u0142nia kryteri\u00f3w kwalifikacji do rejestracji lub innych postanowie\u0144 niniejszych Warunk\u00f3w korzystania z Witryny.[\/vc_column_text][vc_custom_heading text=&#8221;5. Konto U\u017cytkownika&#8221; google_fonts=&#8221;font_family:ABeeZee%3Aregular%2Citalic|font_style:400%20regular%3A400%3Anormal&#8221;][vc_column_text]Nie nale\u017cy udost\u0119pnia\u0107 has\u0142a do konta osobom trzecim.<\/p>\n<p>Konta nie mo\u017cna dzieli\u0107 z innym U\u017cytkownikiem. U\u017cytkownik jest zobowi\u0105zany do przestrzegania zapis\u00f3w niniejszych Warunk\u00f3w korzystania z Witryny oraz stosownych przepis\u00f3w prawa.<\/p>\n<p>U\u017cytkownik jest w\u0142a\u015bcicielem konta. U\u017cytkownik wyra\u017ca zgod\u0119 na: (1) wybranie silnego i bezpiecznego has\u0142a; (2) zapewnienie bezpiecze\u0144stwa i poufno\u015bci has\u0142a oraz informacji na temat konta; (3) nieudost\u0119pnianie osobom trzecim \u017cadnej cz\u0119\u015bci swojego konta (np. kontakt\u00f3w); oraz (4) przestrzeganie przepis\u00f3w prawa. U\u017cytkownik odpowiada za wszystkie dzia\u0142ania wykonywane za po\u015brednictwem konta, chyba \u017ce zamknie konto b\u0105d\u017a zg\u0142osi nadu\u017cycie.<\/p>\n<p>Zgodnie z warunkami ustalonymi pomi\u0119dzy stronami (w tym z pracodawc\u0105 u\u017cytkownika) konto nale\u017cy do U\u017cytkownika.[\/vc_column_text][vc_custom_heading text=&#8221;6. Powiadomienia oraz wiadomo\u015bci w Witrynie&#8221; google_fonts=&#8221;font_family:ABeeZee%3Aregular%2Citalic|font_style:400%20regular%3A400%3Anormal&#8221;][vc_column_text]U\u017cytkownik wyra\u017ca zgod\u0119 na przesy\u0142anie przez firm\u0119 Ipsen powiadomie\u0144 za po\u015brednictwem Witryny oraz przekazanych danych kontaktowych. Podanie nieaktualnych danych mo\u017ce skutkowa\u0107 nieotrzymaniem istotnych informacji.<\/p>\n<p>U\u017cytkownik wyra\u017ca zgod\u0119 na przekazywanie przez firm\u0119 Ipsen informacji w nast\u0119puj\u0105cej formie: (1) powiadomienie w Witrynie lub (2) wiadomo\u015b\u0107 wys\u0142ana na adres podany sp\u00f3\u0142ce Ipsen (np. na adres mailowy, na podany numer telefonu, na adres pocztowy). U\u017cytkownik zgadza si\u0119 na bie\u017c\u0105ce aktualizowanie swoich danych kontaktowych.[\/vc_column_text][vc_custom_heading text=&#8221;7. Udost\u0119pnianie informacji&#8221; google_fonts=&#8221;font_family:ABeeZee%3Aregular%2Citalic|font_style:400%20regular%3A400%3Anormal&#8221;][vc_column_text]Gdy U\u017cytkownik korzysta z Witryny, inni U\u017cytkownicy zarejestrowani jako Trenerzy mog\u0105 zobaczy\u0107 oraz wykorzystywa\u0107 udost\u0119pniane przez niego informacje.<\/p>\n<p>Witryna umo\u017cliwia udost\u0119pnianie informacji, takich jak profil oraz dane na temat aktywno\u015bci (np. post\u0119py U\u017cytkownika w kszta\u0142ceniu medycznym odbywanym za pomoc\u0105 Witryny, wyniki quiz\u00f3w lub innych test\u00f3w wype\u0142nianych w Witrynie, rejestracja na szkolenia offline z oferty CLIMB). Informacje te s\u0105 widoczne dla Trener\u00f3w.[\/vc_column_text][vc_custom_heading text=&#8221;8. Wykorzystanie informacji&#8221; google_fonts=&#8221;font_family:ABeeZee%3Aregular%2Citalic|font_style:400%20regular%3A400%3Anormal&#8221;][vc_column_text]U\u017cytkownik nie mo\u017ce rozpowszechnia\u0107, modyfikowa\u0107, przesy\u0142a\u0107, ponownie u\u017cywa\u0107, publikowa\u0107 lub wykorzystywa\u0107 jakichkolwiek informacji znajduj\u0105cych si\u0119 w Witrynie w celach komercyjnych. U\u017cytkownik powinien r\u00f3wnie\u017c za\u0142o\u017cy\u0107, \u017ce o ile nie zaznaczono inaczej, ca\u0142a zawarto\u015b\u0107 wy\u015bwietlana i czytana w Witrynie jest chroniona prawem autorskim i nie mo\u017ce by\u0107 wykorzystywana inaczej ni\u017c przewidziano w niniejszych Warunkach korzystania z Witryny.<\/p>\n<p>O ile niniejszy punkt nie stanowi inaczej, firma Ipsen nie gwarantuje ani nie o\u015bwiadcza, \u017ce korzystanie z materia\u0142\u00f3w wy\u015bwietlanych w Witrynie nie spowoduje naruszenia praw stron trzecich nieb\u0119d\u0105cych w\u0142asno\u015bci\u0105 firmy Ipsen lub z ni\u0105 niestowarzyszonych. Z zastrze\u017ceniem ograniczonego zakresu korzystania z Witryny, o kt\u00f3rym mowa powy\u017cej, U\u017cytkownikowi nie udziela si\u0119 licencji na informacje zawarte w niniejszej Witrynie ani nie przyznaje mu si\u0119 praw do tych informacji b\u0105d\u017a praw autorskich przys\u0142uguj\u0105cych firmie Ipsen lub jakiejkolwiek innej stronie.<\/p>\n<p>Niniejsza Witryna mo\u017ce zawiera\u0107 informacje zastrze\u017cone, technologie, produkty, procesy czy te\u017c inne prawa w\u0142asno\u015bci firmy Ipsen i\/lub innej strony b\u0105d\u017a si\u0119 do nich odnosi\u0107. U\u017cytkownikowi nie udziela si\u0119 licencji na takie znaki towarowe, patenty, tajemnice handlowe, technologie, produkty, procesy ani innych praw w\u0142asno\u015bci firmy Ipsen lub innych stron ani nie przyznaje si\u0119 do nich praw.[\/vc_column_text][vc_custom_heading text=&#8221;9. Wy\u0142\u0105czenie odpowiedzialno\u015bci z tytu\u0142u gwarancji&#8221; google_fonts=&#8221;font_family:ABeeZee%3Aregular%2Citalic|font_style:400%20regular%3A400%3Anormal&#8221;][vc_column_text]Mimo \u017ce firma Ipsen dok\u0142ada wszelkich stara\u0144, aby informacje podawane w Witrynie by\u0142y dok\u0142adne i aktualne, mog\u0105 one zawiera\u0107 pewne nie\u015bcis\u0142o\u015bci i b\u0142\u0119dy typograficzne. Firma Ipsen zastrzega sobie prawo do wprowadzania zmian, korekt lub poprawek informacji w dowolnym momencie i bez powiadomienia. Firma Ipsen nie udziela \u017cadnych gwarancji ani nie sk\u0142ada \u017cadnych o\u015bwiadcze\u0144 co do dok\u0142adno\u015bci informacji oraz nie ponosi odpowiedzialno\u015bci za jakiekolwiek b\u0142\u0119dy lub pomini\u0119cia w tre\u015bci Witryny.<\/p>\n<p>WSZYSTKIE INFORMACJE PUBLIKOWANE W NINIEJSZEJ WITRYNIE S\u0104 UDOST\u0118PNIANE \u201eW POSTACI, W JAKIEJ SI\u0118 ZNAJDUJ\u0104\u201d. FIRMA IPSEN NIE UDZIELA \u017bADNYCH GWARANCJI CO DO ICH KOMPLETNO\u015aCI, DOK\u0141ADNO\u015aCI LUB EWENTUALNYCH ZASTOSOWA\u0143. W ZWI\u0104ZKU Z TYM PRZED WYKORZYSTANIEM TYCH INFORMACJI U\u017bYTKOWNIK POWINIEN DOKONA\u0106 ICH STARANNEJ OCENY. Z INFORMACJI, O KT\u00d3RYCH MOWA, MO\u017bNA KORZYSTA\u0106 WED\u0141UG W\u0141ASNEGO UZNANIA I NA W\u0141ASNE RYZYKO. W MAKSYMALNYM ZAKRESIE DOPUSZCZALNYM PRZEZ PRAWO FIRMA IPSEN, WSZELKIE INNE SP\u00d3\u0141KI GRUPY I STRONY ZAANGA\u017bOWANE W TWORZENIE, PRZYGOTOWYWANIE LUB UDOST\u0118PNIANIE NINIEJSZEJ WITRYNY WY\u0141\u0104CZAJ\u0104 JAKIEKOLWIEK GWARANCJE LUB ODPOWIEDZIALNO\u015a\u0106 Z TYTU\u0141U JAKICHKOLWIEK SZK\u00d3D BEZPO\u015aREDNICH, UBOCZNYCH, WYNIKOWYCH, PO\u015aREDNICH LUB ODSZKODOWA\u0143 ZA STRATY MORALNE WYNIKAJ\u0104CYCH Z DOST\u0118PU DO NINIEJSZEJ WITRYNY, KORZYSTANIA Z NIEJ LUB BRAKU MO\u017bLIWO\u015aCI KORZYSTANIA Z NIEJ CZY TE\u017b Z TYTU\u0141U WSZELKICH B\u0141\u0118D\u00d3W LUB BRAK\u00d3W W JEJ ZAWARTO\u015aCI.<\/p>\n<p>Firma Ipsen nie ponosi i nie b\u0119dzie ponosi\u0107 odpowiedzialno\u015bci za jakiekolwiek szkody lub wirusy, kt\u00f3re mog\u0105 zainfekowa\u0107 sprz\u0119t U\u017cytkownika lub inn\u0105 w\u0142asno\u015b\u0107 w wyniku uzyskania przez niego dost\u0119pu do wspomnianych informacji lub korzystania z nich.[\/vc_column_text][vc_custom_heading text=&#8221;10. Informacje podawane przez U\u017cytkownika&#8221; google_fonts=&#8221;font_family:ABeeZee%3Aregular%2Citalic|font_style:400%20regular%3A400%3Anormal&#8221;][vc_column_text]Z wyj\u0105tkiem informacji obj\u0119tych polityk\u0105 prywatno\u015bci wszelka korespondencja lub materia\u0142y przesy\u0142ane do Witryny, w tym wszelkie dane, pytania, komentarze, sugestie itp. s\u0105 i b\u0119d\u0105 traktowane jako informacje nieobj\u0119te obowi\u0105zkiem zachowania poufno\u015bci i niezastrze\u017cone.[\/vc_column_text][vc_custom_heading text=&#8221;11. Konsekwencje&#8221; google_fonts=&#8221;font_family:ABeeZee%3Aregular%2Citalic|font_style:400%20regular%3A400%3Anormal&#8221;][vc_column_text]Je\u017celi firma Ipsen powe\u017amie wiadomo\u015b\u0107, \u017ce U\u017cytkownik naruszy\u0142 dowolne postanowienie niniejszych Warunk\u00f3w, mo\u017ce natychmiast podj\u0105\u0107 dzia\u0142ania naprawcze, obejmuj\u0105ce mi\u0119dzy innymi uniemo\u017cliwienie U\u017cytkownikowi korzystania z Witryny w dowolnym momencie i bez uprzedzenia. Je\u017celi naruszenie U\u017cytkownika spowodowa\u0142o negatywne konsekwencje lub szkody dla firmy Ipsen, mo\u017ce ona, wed\u0142ug w\u0142asnego uznania, \u017c\u0105da\u0107 od U\u017cytkownika odszkodowania.[\/vc_column_text][vc_custom_heading text=&#8221;12. Zmiany&#8221; google_fonts=&#8221;font_family:ABeeZee%3Aregular%2Citalic|font_style:400%20regular%3A400%3Anormal&#8221;][vc_column_text]Firma Ipsen mo\u017ce w dowolnym momencie dokona\u0107 zmiany niniejszych Warunk\u00f3w korzystania z Witryny poprzez aktualizacj\u0119 niniejszej publikacji i powiadomienie o tym U\u017cytkownika w wystarczaj\u0105cy spos\u00f3b (np. za po\u015brednictwem wiadomo\u015bci e-mail lub poprzez wyskakuj\u0105ce okno w Witrynie). Zmienione Warunki korzystania z Witryny wchodz\u0105 w \u017cycie w ci\u0105gu trzydziestu dni kalendarzowych od takiej aktualizacji. Je\u017celi U\u017cytkownik nie wyra\u017ca zgody na nowe Warunki korzystania z Witryny, powinien zaznaczy\u0107 stosown\u0105 opcj\u0119 w wyskakuj\u0105cym w Witrynie oknie (o ile jest ono dost\u0119pne) lub przesta\u0107 logowa\u0107 si\u0119 do Witryny i korzysta\u0107 z niej. U\u017cytkownik powinien okresowo zagl\u0105da\u0107 do niniejszej zak\u0142adki, by zapozna\u0107 si\u0119 z aktualnie obowi\u0105zuj\u0105cymi Warunkami korzystania z Witryny.<\/p>\n<p>Firma Ipsen zastrzega sobie prawo do wy\u0142\u0105czenia Witryny w dowolnym momencie bez ponoszenia odpowiedzialno\u015bci wobec U\u017cytkownika ani \u017cadnego innego podmiotu. Zarejestrowani U\u017cytkownicy zostan\u0105 wcze\u015bniej powiadomieni o planowanym wy\u0142\u0105czeniu.[\/vc_column_text][vc_custom_heading text=&#8221;13. Autorzy materia\u0142\u00f3w&#8221; google_fonts=&#8221;font_family:ABeeZee%3Aregular%2Citalic|font_style:400%20regular%3A400%3Anormal&#8221;][vc_column_text]Ilustracje medyczne: Shutterstock<\/p>\n<p>Filmy, zdj\u0119cia: Shutterstock[\/vc_column_text][vc_custom_heading text=&#8221;14. W\u0142asno\u015b\u0107 intelektualna&#8221; google_fonts=&#8221;font_family:ABeeZee%3Aregular%2Citalic|font_style:400%20regular%3A400%3Anormal&#8221;][vc_column_text]Zawarto\u015b\u0107 niniejszej Witryny jest w pe\u0142ni chroniona obowi\u0105zuj\u0105cymi prawami w\u0142asno\u015bci intelektualnej. Zabrania si\u0119 rozpowszechniania, modyfikowania lub dalszego wykorzystywania w jakiejkolwiek formie wszelkich materia\u0142\u00f3w zawartych w niniejszej Witrynie bez uprzedniej pisemnej zgody firmy Ipsen.[\/vc_column_text][vc_custom_heading text=&#8221;15. Zdarzenia niepo\u017c\u0105dane&#8221; google_fonts=&#8221;font_family:ABeeZee%3Aregular%2Citalic|font_style:400%20regular%3A400%3Anormal&#8221;][vc_column_text]U\u017cytkownik zobowi\u0105zuje si\u0119 do poinformowania firmy Ipsen Pharma SAS o wszelkich zg\u0142oszeniach zdarze\u0144 niepo\u017c\u0105danych lub reklamacjach dotycz\u0105cych produktu z zastosowaniem odpowiedniej procedury zg\u0142aszania (nale\u017cy sprawdzi\u0107, jaka procedura obowi\u0105zuje w danym kraju).[\/vc_column_text][vc_custom_heading text=&#8221;16. Rozdzielno\u015b\u0107 postanowie\u0144&#8221; google_fonts=&#8221;font_family:ABeeZee%3Aregular%2Citalic|font_style:400%20regular%3A400%3Anormal&#8221;][vc_column_text]Je\u017celi jakiekolwiek z postanowie\u0144 niniejszych Warunk\u00f3w korzystania z Witryny zostanie uznane za niewa\u017cne lub niemo\u017cliwe do wyegzekwowania, dowolne inne postanowienie zachowa pe\u0142n\u0105 moc i skutek, z wyj\u0105tkiem sytuacji, gdy za niewa\u017cne lub niemo\u017cliwe do wyegzekwowania uznaje si\u0119 istotne postanowienie niniejszych Warunk\u00f3w korzystania z Witryny.[\/vc_column_text][vc_custom_heading text=&#8221;17. Obowi\u0105zuj\u0105ce prawo i rozstrzyganie spor\u00f3w&#8221; google_fonts=&#8221;font_family:ABeeZee%3Aregular%2Citalic|font_style:400%20regular%3A400%3Anormal&#8221;][vc_column_text]Niniejsze Warunki korzystania z Witryny oraz korzystanie z Witryny przez U\u017cytkownika podlegaj\u0105 przepisom prawa francuskiego, za wyj\u0105tkiem przepis\u00f3w mi\u0119dzynarodowego prawa prywatnego.<\/p>\n<p>Spory, kt\u00f3rych nie mo\u017cna rozwi\u0105za\u0107 polubownie, b\u0119d\u0105 rozstrzygane przez s\u0105dy i trybuna\u0142y w Nanterre we Francji.<\/p>\n<p>Data ostatniej aktualizacji: 27 marca 2018 r.[\/vc_column_text][\/vc_column][\/vc_row]<\/p>\n<\/div>","protected":false},"excerpt":{"rendered":"<p>[vc_row full_width=&#8221;stretch_row&#8221; css=&#8221;.vc_custom_1539616984372{background-image: url(https:\/\/www.ipsenlearningnetwork.com\/websites\/CLIMB_BR_IPSENLEARNINGNET\/wp-content\/uploads\/2018\/10\/09141818\/homebg-3.png?id=84) !important;background-position: center !important;background-repeat: no-repeat !important;background-size: cover !important;}&#8221; addstyles=&#8221;background-position: center top;&#8221;][vc_column width=&#8221;1\/2&#8243; css=&#8221;.vc_custom_1521471498817{padding-bottom: 15px !important;}&#8221;][vc_column_text css=&#8221;.vc_custom_1521471519886{padding-top: 140px !important;}&#8221;] WARUNKI KORZYSTANIA Z WITRYNY [\/vc_column_text][\/vc_column][\/vc_row][vc_row][vc_column css=&#8221;.vc_custom_1525109703980{margin-top: 15px !important;}&#8221; el_id=&#8221;termsandcondition_container&#8221;][vc_custom_heading text=&#8221;1. Akceptacja&#8221; google_fonts=&#8221;font_family:ABeeZee%3Aregular%2Citalic|font_style:400%20regular%3A400%3Anormal&#8221;][vc_column_text]Witryna internetowa CLIMB (\u201eWitryna\u201d) zosta\u0142a zaprojektowana i jest zarz\u0105dzana przez firm\u0119 Ipsen Pharma S.A.S z siedzib\u0105 przy 65 Quai Georges Gorse, 92100 Boulogne-Billancourt, [&hellip;]<\/p>\n","protected":false},"author":1,"featured_media":0,"parent":0,"menu_order":0,"comment_status":"closed","ping_status":"closed","template":"tpl-home.php","meta":{"footnotes":""},"class_list":["post-291","page","type-page","status-publish","hentry"],"_links":{"self":[{"href":"https:\/\/www.ipsenlearningnetwork.com\/index.php?rest_route=\/wp\/v2\/pages\/291","targetHints":{"allow":["GET"]}}],"collection":[{"href":"https:\/\/www.ipsenlearningnetwork.com\/index.php?rest_route=\/wp\/v2\/pages"}],"about":[{"href":"https:\/\/www.ipsenlearningnetwork.com\/index.php?rest_route=\/wp\/v2\/types\/page"}],"author":[{"embeddable":true,"href":"https:\/\/www.ipsenlearningnetwork.com\/index.php?rest_route=\/wp\/v2\/users\/1"}],"replies":[{"embeddable":true,"href":"https:\/\/www.ipsenlearningnetwork.com\/index.php?rest_route=%2Fwp%2Fv2%2Fcomments&post=291"}],"version-history":[{"count":5,"href":"https:\/\/www.ipsenlearningnetwork.com\/index.php?rest_route=\/wp\/v2\/pages\/291\/revisions"}],"predecessor-version":[{"id":952,"href":"https:\/\/www.ipsenlearningnetwork.com\/index.php?rest_route=\/wp\/v2\/pages\/291\/revisions\/952"}],"wp:attachment":[{"href":"https:\/\/www.ipsenlearningnetwork.com\/index.php?rest_route=%2Fwp%2Fv2%2Fmedia&parent=291"}],"curies":[{"name":"wp","href":"https:\/\/api.w.org\/{rel}","templated":true}]}}